{"id":587,"date":"2021-06-29T14:14:24","date_gmt":"2021-06-29T17:14:24","guid":{"rendered":"https:\/\/testedeprojeto.com.br\/nishi\/?page_id=587"},"modified":"2021-08-30T15:15:38","modified_gmt":"2021-08-30T18:15:38","slug":"ac-motors","status":"publish","type":"page","link":"https:\/\/nishi.com.br\/novo\/en\/eletric-machines\/ac-motors\/","title":{"rendered":"AC Motors"},"content":{"rendered":"<p><div class=\"fusion-fullwidth fullwidth-box fusion-builder-row-1 fusion-flex-container fusion-parallax-none nonhundred-percent-fullwidth non-hundred-percent-height-scrolling\" style=\"--awb-border-radius-top-left:0px;--awb-border-radius-top-right:0px;--awb-border-radius-bottom-right:0px;--awb-border-radius-bottom-left:0px;--awb-padding-top:100px;--awb-padding-bottom:100px;--awb-padding-top-medium:60px;--awb-padding-bottom-medium:60px;--awb-padding-top-small:30px;--awb-padding-bottom-small:30px;--awb-background-image:url(&quot;https:\/\/nishi.com.br\/novo\/wp-content\/uploads\/2021\/06\/bg-white.jpg&quot;);--awb-background-size:cover;--awb-flex-wrap:wrap;\" ><div class=\"fusion-builder-row fusion-row fusion-flex-align-items-flex-start fusion-flex-content-wrap\" style=\"max-width:1216.8px;margin-left: calc(-4% \/ 2 );margin-right: calc(-4% \/ 2 );\"><div class=\"fusion-layout-column fusion_builder_column fusion-builder-column-0 fusion_builder_column_1_1 1_1 fusion-flex-column\" style=\"--awb-bg-size:cover;--awb-width-large:100%;--awb-margin-top-large:0px;--awb-spacing-right-large:100px;--awb-margin-bottom-large:20px;--awb-spacing-left-large:1.92%;--awb-width-medium:100%;--awb-order-medium:0;--awb-spacing-right-medium:30px;--awb-spacing-left-medium:1.92%;--awb-width-small:100%;--awb-order-small:0;--awb-spacing-right-small:30px;--awb-spacing-left-small:30px;\"><div class=\"fusion-column-wrapper fusion-column-has-shadow fusion-flex-justify-content-flex-start fusion-content-layout-column\"><div class=\"fusion-text fusion-text-1\"><h3>AC Motors<\/h3>\n<div class=\"line_s\"><\/div>\n<ul>\n<li>Repowering Projects;<\/li>\n<li>Complete stator rewinding;<\/li>\n<li>Rewinding of wound rotors;<\/li>\n<li>Replacement of the winding of cage type rotors;<\/li>\n<li>Manufacture of collector rings;<\/li>\n<li>Supply or relocation of rotor and stator cores;<\/li>\n<li>Rewedging;<\/li>\n<li>Mechanical services in general;<\/li>\n<li>Replacing or recovering shafts;<\/li>\n<li>Electrical Tests and Tests for process monitoring;<\/li>\n<li>Vibration Analysis and Balancing;<\/li>\n<li>Partial Discharge Monitoring.<\/li>\n<\/ul>\n<\/div><\/div><\/div><\/div><\/div><div class=\"fusion-fullwidth fullwidth-box fusion-builder-row-2 fusion-flex-container nonhundred-percent-fullwidth non-hundred-percent-height-scrolling\" style=\"--awb-border-radius-top-left:0px;--awb-border-radius-top-right:0px;--awb-border-radius-bottom-right:0px;--awb-border-radius-bottom-left:0px;--awb-margin-top:40px;--awb-margin-bottom:100px;--awb-margin-bottom-medium:60px;--awb-margin-bottom-small:30px;--awb-flex-wrap:wrap;\" ><div class=\"fusion-builder-row fusion-row fusion-flex-align-items-flex-start fusion-flex-content-wrap\" style=\"max-width:1216.8px;margin-left: calc(-4% \/ 2 );margin-right: calc(-4% \/ 2 );\"><div class=\"fusion-layout-column fusion_builder_column fusion-builder-column-1 fusion_builder_column_1_1 1_1 fusion-flex-column\" style=\"--awb-bg-size:cover;--awb-width-large:100%;--awb-margin-top-large:0px;--awb-spacing-right-large:1.92%;--awb-margin-bottom-large:20px;--awb-spacing-left-large:1.92%;--awb-width-medium:100%;--awb-order-medium:0;--awb-spacing-right-medium:1.92%;--awb-spacing-left-medium:1.92%;--awb-width-small:100%;--awb-order-small:0;--awb-spacing-right-small:1.92%;--awb-spacing-left-small:1.92%;\"><div class=\"fusion-column-wrapper fusion-column-has-shadow fusion-flex-justify-content-flex-start fusion-content-layout-column\"><div class=\"fusion-text fusion-text-2\"><h3>AC Motors Cases<\/h3>\n<div class=\"line_s\"><\/div>\n<\/div><div class=\"fusion-recent-posts fusion-recent-posts-1 avada-container layout-default layout-columns-3\"><section class=\"fusion-columns columns fusion-columns-3 columns-3\"><article class=\"post fusion-column column col col-lg-4 col-md-4 col-sm-4\"><div class=\"fusion-flexslider fusion-flexslider-loading flexslider flexslider-hover-type-none\"><ul class=\"slides\"><li><a href=\"https:\/\/nishi.com.br\/novo\/en\/nishi-takes-part-in-the-38th-brazilian-congress-on-maintenance-and-asset-management-exhibiting-products-services-and-equipment\/\" aria-label=\"Nishi takes part in the 38th Brazilian Congress on Maintenance and Asset Management, exhibiting products, services and equipment\" class=\"hover-type-none\"><img decoding=\"async\" width=\"800\" height=\"533\" src=\"https:\/\/nishi.com.br\/novo\/wp-content\/uploads\/2023\/08\/painel-01-Expoman-opcao-01-1-1-e1693397122156.jpg\" class=\"attachment-full size-full\" alt=\"\" \/><\/a><\/li><\/ul><\/div><div class=\"recent-posts-content\"><span class=\"vcard\" style=\"display: none;\"><span class=\"fn\"><a href=\"https:\/\/nishi.com.br\/novo\/en\/author\/erica\/\" title=\"Posts by Erica Castanho\" rel=\"author\">Erica Castanho<\/a><\/span><\/span><span class=\"updated\" style=\"display:none;\">2023-08-30T09:14:14-03:00<\/span><h4 class=\"entry-title\"><a href=\"https:\/\/nishi.com.br\/novo\/en\/nishi-takes-part-in-the-38th-brazilian-congress-on-maintenance-and-asset-management-exhibiting-products-services-and-equipment\/\">Nishi takes part in the 38th Brazilian Congress on Maintenance and Asset Management, exhibiting products, services and equipment<\/a><\/h4><p class=\"meta\"><span class=\"vcard\" style=\"display: none;\"><span class=\"fn\"><a href=\"https:\/\/nishi.com.br\/novo\/en\/author\/erica\/\" title=\"Posts by Erica Castanho\" rel=\"author\">Erica Castanho<\/a><\/span><\/span><span class=\"updated\" style=\"display:none;\">2023-08-30T09:14:14-03:00<\/span><span>30\/08\/2023<\/span><span class=\"fusion-inline-sep\">|<\/span><span class=\"fusion-comments\"><span>Comments Off<span class=\"screen-reader-text\"> on Nishi takes part in the 38th Brazilian Congress on Maintenance and Asset Management, exhibiting products, services and equipment<\/span><\/span><\/span><\/p><p>Nishi will be present from September 26 to 28, 2023 in Curitiba-PR at the 38th Brazilian Congress of Maintenance and Asset Management, exhibiting products, services and equipment. EXPOMAN is the largest trade fair in the<br><a class=\"fusion-button button-flat fusion-button-default-size button-default button-1 fusion-button-default-span fusion-button-default-type\" target=\"_self\" href=\"https:\/\/nishi.com.br\/novo\/en\/nishi-takes-part-in-the-38th-brazilian-congress-on-maintenance-and-asset-management-exhibiting-products-services-and-equipment\/\" style=\"margin-top: 30px; width: 100%;\"><span class=\"fusion-button-text\">READ MORE<\/span><\/a> <\/p><\/div><\/article><article class=\"post fusion-column column col col-lg-4 col-md-4 col-sm-4\"><div class=\"fusion-flexslider fusion-flexslider-loading flexslider flexslider-hover-type-none\"><ul class=\"slides\"><li><a href=\"https:\/\/nishi.com.br\/novo\/en\/medium-and-high-voltage-rotating-electric-machinery-maintenance-course-october-02-to-06-2023\/\" aria-label=\"ROTATING ELECTRIC MACHINERY MAINTENANCE COURSE October 02 to 06, 2023\" class=\"hover-type-none\"><img decoding=\"async\" width=\"2560\" height=\"1440\" src=\"https:\/\/nishi.com.br\/novo\/wp-content\/uploads\/2023\/06\/cursomaquinasout23-scaled-e1686139930700.jpg\" class=\"attachment-full size-full\" alt=\"\" \/><\/a><\/li><\/ul><\/div><div class=\"recent-posts-content\"><span class=\"vcard\" style=\"display: none;\"><span class=\"fn\"><a href=\"https:\/\/nishi.com.br\/novo\/en\/author\/erica\/\" title=\"Posts by Erica Castanho\" rel=\"author\">Erica Castanho<\/a><\/span><\/span><span class=\"updated\" style=\"display:none;\">2023-06-07T09:39:45-03:00<\/span><h4 class=\"entry-title\"><a href=\"https:\/\/nishi.com.br\/novo\/en\/medium-and-high-voltage-rotating-electric-machinery-maintenance-course-october-02-to-06-2023\/\">ROTATING ELECTRIC MACHINERY MAINTENANCE COURSE October 02 to 06, 2023<\/a><\/h4><p class=\"meta\"><span class=\"vcard\" style=\"display: none;\"><span class=\"fn\"><a href=\"https:\/\/nishi.com.br\/novo\/en\/author\/erica\/\" title=\"Posts by Erica Castanho\" rel=\"author\">Erica Castanho<\/a><\/span><\/span><span class=\"updated\" style=\"display:none;\">2023-06-07T09:39:45-03:00<\/span><span>07\/06\/2023<\/span><span class=\"fusion-inline-sep\">|<\/span><span class=\"fusion-comments\"><span>Comments Off<span class=\"screen-reader-text\"> on ROTATING ELECTRIC MACHINERY MAINTENANCE COURSE October 02 to 06, 2023<\/span><\/span><\/span><\/p><p>The course of maintenance of medium and high voltage rotating electrical machines, held by Hara Engenharia in partnership with Nishi, is with registrations open for the class that will be held from October 2nd to<br><a class=\"fusion-button button-flat fusion-button-default-size button-default button-1 fusion-button-default-span fusion-button-default-type\" target=\"_self\" href=\"https:\/\/nishi.com.br\/novo\/en\/medium-and-high-voltage-rotating-electric-machinery-maintenance-course-october-02-to-06-2023\/\" style=\"margin-top: 30px; width: 100%;\"><span class=\"fusion-button-text\">READ MORE<\/span><\/a> <\/p><\/div><\/article><article class=\"post fusion-column column col col-lg-4 col-md-4 col-sm-4\"><div class=\"fusion-flexslider fusion-flexslider-loading flexslider flexslider-hover-type-none\"><ul class=\"slides\"><li><a href=\"https:\/\/nishi.com.br\/novo\/en\/generator-failure-root-cause-analysis-rca-of-2-generators-with-insulation-breakdown\/\" aria-label=\"FREE WEBINAR: Generator failure &#8211; Root Cause Analysis (RCA) of 2 generators with insulation breakdown\" class=\"hover-type-none\"><img decoding=\"async\" width=\"525\" height=\"350\" src=\"https:\/\/nishi.com.br\/novo\/wp-content\/uploads\/2023\/04\/1682523573688-1-e1682602256543.jpg\" class=\"attachment-full size-full\" alt=\"\" \/><\/a><\/li><\/ul><\/div><div class=\"recent-posts-content\"><span class=\"vcard\" style=\"display: none;\"><span class=\"fn\"><a href=\"https:\/\/nishi.com.br\/novo\/en\/author\/erica\/\" title=\"Posts by Erica Castanho\" rel=\"author\">Erica Castanho<\/a><\/span><\/span><span class=\"updated\" style=\"display:none;\">2023-04-27T10:37:54-03:00<\/span><h4 class=\"entry-title\"><a href=\"https:\/\/nishi.com.br\/novo\/en\/generator-failure-root-cause-analysis-rca-of-2-generators-with-insulation-breakdown\/\">FREE WEBINAR: Generator failure &#8211; Root Cause Analysis (RCA) of 2 generators with insulation breakdown<\/a><\/h4><p class=\"meta\"><span class=\"vcard\" style=\"display: none;\"><span class=\"fn\"><a href=\"https:\/\/nishi.com.br\/novo\/en\/author\/erica\/\" title=\"Posts by Erica Castanho\" rel=\"author\">Erica Castanho<\/a><\/span><\/span><span class=\"updated\" style=\"display:none;\">2023-04-27T10:37:54-03:00<\/span><span>27\/04\/2023<\/span><span class=\"fusion-inline-sep\">|<\/span><span class=\"fusion-comments\"><span>Comments Off<span class=\"screen-reader-text\"> on FREE WEBINAR: Generator failure &#8211; Root Cause Analysis (RCA) of 2 generators with insulation breakdown<\/span><\/span><\/span><\/p><p>Nishi and Quartzelec would like to invite you to attend the on-line meeting where we will be discussing: Generator failure - Root Cause Analysis (RCA) of 2 generators with insulation breakdown. We will be discussing<br><a class=\"fusion-button button-flat fusion-button-default-size button-default button-1 fusion-button-default-span fusion-button-default-type\" target=\"_self\" href=\"https:\/\/nishi.com.br\/novo\/en\/generator-failure-root-cause-analysis-rca-of-2-generators-with-insulation-breakdown\/\" style=\"margin-top: 30px; width: 100%;\"><span class=\"fusion-button-text\">READ MORE<\/span><\/a> <\/p><\/div><\/article><\/section><\/div><\/div><\/div><\/div><\/div><div class=\"fusion-fullwidth fullwidth-box fusion-builder-row-3 fusion-flex-container fusion-parallax-none nonhundred-percent-fullwidth non-hundred-percent-height-scrolling\" style=\"--awb-border-radius-top-left:0px;--awb-border-radius-top-right:0px;--awb-border-radius-bottom-right:0px;--awb-border-radius-bottom-left:0px;--awb-min-height:600px;--awb-background-image:url(&quot;https:\/\/nishi.com.br\/novo\/wp-content\/uploads\/2021\/06\/newsletter-bg.jpg&quot;);--awb-background-size:cover;--awb-flex-wrap:wrap;\" id=\"newsletter\" ><div class=\"fusion-builder-row fusion-row fusion-flex-align-items-center fusion-flex-align-content-center fusion-flex-content-wrap\" style=\"max-width:1216.8px;margin-left: calc(-4% \/ 2 );margin-right: calc(-4% \/ 2 );\"><div class=\"fusion-layout-column fusion_builder_column fusion-builder-column-2 fusion_builder_column_1_1 1_1 fusion-flex-column\" style=\"--awb-bg-size:cover;--awb-width-large:100%;--awb-margin-top-large:0px;--awb-spacing-right-large:1.92%;--awb-margin-bottom-large:20px;--awb-spacing-left-large:1.92%;--awb-width-medium:100%;--awb-order-medium:0;--awb-spacing-right-medium:1.92%;--awb-spacing-left-medium:1.92%;--awb-width-small:100%;--awb-order-small:0;--awb-spacing-right-small:1.92%;--awb-spacing-left-small:1.92%;\"><div class=\"fusion-column-wrapper fusion-column-has-shadow fusion-flex-justify-content-flex-start fusion-content-layout-column\"><div class=\"fusion-text fusion-text-3\" style=\"--awb-font-size:40px;--awb-line-height:45px;--awb-text-color:#ffffff;--awb-text-font-family:&quot;Lato&quot;;--awb-text-font-style:normal;--awb-text-font-weight:700;\"><p style=\"text-align: center;\">Would you like to receive exclusive content about electrical machines?<\/p>\n<\/div><div class=\"fusion-text fusion-text-4 fusion-text-no-margin\" style=\"--awb-font-size:25px;--awb-line-height:30px;--awb-text-color:#ffffff;--awb-margin-bottom:20px;--awb-text-font-family:&quot;Lato&quot;;--awb-text-font-style:normal;--awb-text-font-weight:400;\"><p style=\"text-align: center;\">Nishi has specialized in repairing and maintaining your equipment for over 70 years.<br \/>\nRegister your e-mail and receive all the news in the sector.<\/p>\n<\/div>\n<div class=\"wpcf7 no-js\" id=\"wpcf7-f622-o1\" lang=\"pt-BR\" dir=\"ltr\" data-wpcf7-id=\"622\">\n<div class=\"screen-reader-response\"><p role=\"status\" aria-live=\"polite\" aria-atomic=\"true\"><\/p> <ul><\/ul><\/div>\n<form action=\"\/novo\/en\/wp-json\/wp\/v2\/pages\/587#wpcf7-f622-o1\" method=\"post\" class=\"wpcf7-form init 664f4d09c945 cmatic-disconn cmatic-aud-2 cmatic-mapd0-0 cmatic-v0973 cmatic-sent-0 cmatic-total-0\" aria-label=\"Formul\u00e1rios de contato\" novalidate=\"novalidate\" data-status=\"init\">\n<fieldset class=\"hidden-fields-container\"><input type=\"hidden\" name=\"_wpcf7\" value=\"622\" \/><input type=\"hidden\" name=\"_wpcf7_version\" value=\"6.1.4\" \/><input type=\"hidden\" name=\"_wpcf7_locale\" value=\"pt_BR\" \/><input type=\"hidden\" name=\"_wpcf7_unit_tag\" value=\"wpcf7-f622-o1\" \/><input type=\"hidden\" name=\"_wpcf7_container_post\" value=\"0\" \/><input type=\"hidden\" name=\"_wpcf7_posted_data_hash\" value=\"\" \/>\n<\/fieldset>\n<div class=\"content-column one_third\">\n\t<p><span class=\"wpcf7-form-control-wrap\" data-name=\"your-name\"><input size=\"40\" maxlength=\"400\" class=\"wpcf7-form-control wpcf7-text wpcf7-validates-as-required\" aria-required=\"true\" aria-invalid=\"false\" placeholder=\"Name\" value=\"\" type=\"text\" name=\"your-name\" \/><\/span>\n\t<\/p>\n<\/div>\n<div class=\"content-column one_third\">\n\t<p><span class=\"wpcf7-form-control-wrap\" data-name=\"your-email\"><input size=\"40\" maxlength=\"400\" class=\"wpcf7-form-control wpcf7-email wpcf7-validates-as-required wpcf7-text wpcf7-validates-as-email\" aria-required=\"true\" aria-invalid=\"false\" placeholder=\"Email\" value=\"\" type=\"email\" name=\"your-email\" \/><\/span>\n\t<\/p>\n<\/div>\n<div class=\"content-column one_third last_column\">\n\t<p><span class=\"wpcf7-form-control-wrap\" data-name=\"tel-903\"><input size=\"40\" maxlength=\"400\" class=\"wpcf7-form-control wpcf7-tel wpcf7-validates-as-required wpcf7-text wpcf7-validates-as-tel\" aria-required=\"true\" aria-invalid=\"false\" placeholder=\"Cellphone\" value=\"\" type=\"tel\" name=\"tel-903\" \/><\/span>\n\t<\/p>\n<\/div>\n<div class=\"clear_column\">\n<\/div>\n<div style=\"text-align: center; margin-right:22px;\">\n\t<p><input class=\"wpcf7-form-control wpcf7-submit has-spinner\" type=\"submit\" value=\"RECEIVE TECHNICAL INFORMATION\" \/>\n\t<\/p>\n<\/div><div class=\"fusion-alert alert custom alert-custom fusion-alert-center wpcf7-response-output awb-alert-native-link-color alert-dismissable awb-alert-close-boxed\" style=\"--awb-border-size:1px;--awb-border-top-left-radius:0px;--awb-border-top-right-radius:0px;--awb-border-bottom-left-radius:0px;--awb-border-bottom-right-radius:0px;\" role=\"alert\"><div class=\"fusion-alert-content-wrapper\"><span class=\"fusion-alert-content\"><\/span><\/div><button type=\"button\" class=\"close toggle-alert\" data-dismiss=\"alert\" aria-label=\"Fechar\">&times;<\/button><\/div>\n<\/form>\n<\/div>\n<\/div><\/div><\/div><\/div><\/p>\n","protected":false},"excerpt":{"rendered":"","protected":false},"author":1,"featured_media":0,"parent":607,"menu_order":0,"comment_status":"closed","ping_status":"closed","template":"100-width.php","meta":{"_joinchat":[],"footnotes":""},"class_list":["post-587","page","type-page","status-publish","hentry"],"yoast_head":"<!-- This site is optimized with the Yoast SEO plugin v26.8 - https:\/\/yoast.com\/product\/yoast-seo-wordpress\/ -->\n<title>AC Motors - Nishi<\/title>\n<meta name=\"description\" content=\"Nishi performs the complete maintenance of its alternating current motor. We perform complete rewinding of stator and rotor, manufacture of magnetic cores, mechanical services and electrical tests of your engine.\" \/>\n<meta name=\"robots\" content=\"index, follow, max-snippet:-1, max-image-preview:large, max-video-preview:-1\" \/>\n<link rel=\"canonical\" href=\"https:\/\/nishi.com.br\/novo\/en\/eletric-machines\/ac-motors\/\" \/>\n<meta property=\"og:locale\" content=\"en_US\" \/>\n<meta property=\"og:type\" content=\"article\" \/>\n<meta property=\"og:title\" content=\"AC Motors - Nishi\" \/>\n<meta property=\"og:description\" content=\"Nishi performs the complete maintenance of its alternating current motor. We perform complete rewinding of stator and rotor, manufacture of magnetic cores, mechanical services and electrical tests of your engine.\" \/>\n<meta property=\"og:url\" content=\"https:\/\/nishi.com.br\/novo\/en\/eletric-machines\/ac-motors\/\" \/>\n<meta property=\"og:site_name\" content=\"Nishi\" \/>\n<meta property=\"article:publisher\" content=\"https:\/\/www.facebook.com\/nishi.com.br\/\" \/>\n<meta property=\"article:modified_time\" content=\"2021-08-30T18:15:38+00:00\" \/>\n<meta name=\"twitter:card\" content=\"summary_large_image\" \/>\n<meta name=\"twitter:label1\" content=\"Est. reading time\" \/>\n\t<meta name=\"twitter:data1\" content=\"11 minutes\" \/>\n<script type=\"application\/ld+json\" class=\"yoast-schema-graph\">{\"@context\":\"https:\/\/schema.org\",\"@graph\":[{\"@type\":\"WebPage\",\"@id\":\"https:\/\/nishi.com.br\/novo\/en\/eletric-machines\/ac-motors\/\",\"url\":\"https:\/\/nishi.com.br\/novo\/en\/eletric-machines\/ac-motors\/\",\"name\":\"AC Motors - Nishi\",\"isPartOf\":{\"@id\":\"https:\/\/nishi.com.br\/novo\/es\/#website\"},\"datePublished\":\"2021-06-29T17:14:24+00:00\",\"dateModified\":\"2021-08-30T18:15:38+00:00\",\"description\":\"Nishi performs the complete maintenance of its alternating current motor. We perform complete rewinding of stator and rotor, manufacture of magnetic cores, mechanical services and electrical tests of your engine.\",\"breadcrumb\":{\"@id\":\"https:\/\/nishi.com.br\/novo\/en\/eletric-machines\/ac-motors\/#breadcrumb\"},\"inLanguage\":\"en-US\",\"potentialAction\":[{\"@type\":\"ReadAction\",\"target\":[\"https:\/\/nishi.com.br\/novo\/en\/eletric-machines\/ac-motors\/\"]}]},{\"@type\":\"BreadcrumbList\",\"@id\":\"https:\/\/nishi.com.br\/novo\/en\/eletric-machines\/ac-motors\/#breadcrumb\",\"itemListElement\":[{\"@type\":\"ListItem\",\"position\":1,\"name\":\"In\u00edcio\",\"item\":\"https:\/\/nishi.com.br\/novo\/en\/\"},{\"@type\":\"ListItem\",\"position\":2,\"name\":\"Eletric Machines\",\"item\":\"https:\/\/nishi.com.br\/novo\/en\/eletric-machines\/\"},{\"@type\":\"ListItem\",\"position\":3,\"name\":\"AC Motors\"}]},{\"@type\":\"WebSite\",\"@id\":\"https:\/\/nishi.com.br\/novo\/es\/#website\",\"url\":\"https:\/\/nishi.com.br\/novo\/es\/\",\"name\":\"Nishi\",\"description\":\"Manuten\u00e7\u00e3o de m\u00e1quinas el\u00e9tricas desde 1950\",\"publisher\":{\"@id\":\"https:\/\/nishi.com.br\/novo\/es\/#organization\"},\"potentialAction\":[{\"@type\":\"SearchAction\",\"target\":{\"@type\":\"EntryPoint\",\"urlTemplate\":\"https:\/\/nishi.com.br\/novo\/es\/?s={search_term_string}\"},\"query-input\":{\"@type\":\"PropertyValueSpecification\",\"valueRequired\":true,\"valueName\":\"search_term_string\"}}],\"inLanguage\":\"en-US\"},{\"@type\":\"Organization\",\"@id\":\"https:\/\/nishi.com.br\/novo\/es\/#organization\",\"name\":\"Nishi\",\"url\":\"https:\/\/nishi.com.br\/novo\/es\/\",\"logo\":{\"@type\":\"ImageObject\",\"inLanguage\":\"en-US\",\"@id\":\"https:\/\/nishi.com.br\/novo\/es\/#\/schema\/logo\/image\/\",\"url\":\"https:\/\/nishi.com.br\/novo\/wp-content\/uploads\/2021\/06\/logo-footer.jpg\",\"contentUrl\":\"https:\/\/nishi.com.br\/novo\/wp-content\/uploads\/2021\/06\/logo-footer.jpg\",\"width\":237,\"height\":80,\"caption\":\"Nishi\"},\"image\":{\"@id\":\"https:\/\/nishi.com.br\/novo\/es\/#\/schema\/logo\/image\/\"},\"sameAs\":[\"https:\/\/www.facebook.com\/nishi.com.br\/\",\"https:\/\/br.linkedin.com\/company\/nishipower\"]}]}<\/script>\n<!-- \/ Yoast SEO plugin. -->","yoast_head_json":{"title":"AC Motors - Nishi","description":"Nishi performs the complete maintenance of its alternating current motor. We perform complete rewinding of stator and rotor, manufacture of magnetic cores, mechanical services and electrical tests of your engine.","robots":{"index":"index","follow":"follow","max-snippet":"max-snippet:-1","max-image-preview":"max-image-preview:large","max-video-preview":"max-video-preview:-1"},"canonical":"https:\/\/nishi.com.br\/novo\/en\/eletric-machines\/ac-motors\/","og_locale":"en_US","og_type":"article","og_title":"AC Motors - Nishi","og_description":"Nishi performs the complete maintenance of its alternating current motor. We perform complete rewinding of stator and rotor, manufacture of magnetic cores, mechanical services and electrical tests of your engine.","og_url":"https:\/\/nishi.com.br\/novo\/en\/eletric-machines\/ac-motors\/","og_site_name":"Nishi","article_publisher":"https:\/\/www.facebook.com\/nishi.com.br\/","article_modified_time":"2021-08-30T18:15:38+00:00","twitter_card":"summary_large_image","twitter_misc":{"Est. reading time":"11 minutes"},"schema":{"@context":"https:\/\/schema.org","@graph":[{"@type":"WebPage","@id":"https:\/\/nishi.com.br\/novo\/en\/eletric-machines\/ac-motors\/","url":"https:\/\/nishi.com.br\/novo\/en\/eletric-machines\/ac-motors\/","name":"AC Motors - Nishi","isPartOf":{"@id":"https:\/\/nishi.com.br\/novo\/es\/#website"},"datePublished":"2021-06-29T17:14:24+00:00","dateModified":"2021-08-30T18:15:38+00:00","description":"Nishi performs the complete maintenance of its alternating current motor. We perform complete rewinding of stator and rotor, manufacture of magnetic cores, mechanical services and electrical tests of your engine.","breadcrumb":{"@id":"https:\/\/nishi.com.br\/novo\/en\/eletric-machines\/ac-motors\/#breadcrumb"},"inLanguage":"en-US","potentialAction":[{"@type":"ReadAction","target":["https:\/\/nishi.com.br\/novo\/en\/eletric-machines\/ac-motors\/"]}]},{"@type":"BreadcrumbList","@id":"https:\/\/nishi.com.br\/novo\/en\/eletric-machines\/ac-motors\/#breadcrumb","itemListElement":[{"@type":"ListItem","position":1,"name":"In\u00edcio","item":"https:\/\/nishi.com.br\/novo\/en\/"},{"@type":"ListItem","position":2,"name":"Eletric Machines","item":"https:\/\/nishi.com.br\/novo\/en\/eletric-machines\/"},{"@type":"ListItem","position":3,"name":"AC Motors"}]},{"@type":"WebSite","@id":"https:\/\/nishi.com.br\/novo\/es\/#website","url":"https:\/\/nishi.com.br\/novo\/es\/","name":"Nishi","description":"Manuten\u00e7\u00e3o de m\u00e1quinas el\u00e9tricas desde 1950","publisher":{"@id":"https:\/\/nishi.com.br\/novo\/es\/#organization"},"potentialAction":[{"@type":"SearchAction","target":{"@type":"EntryPoint","urlTemplate":"https:\/\/nishi.com.br\/novo\/es\/?s={search_term_string}"},"query-input":{"@type":"PropertyValueSpecification","valueRequired":true,"valueName":"search_term_string"}}],"inLanguage":"en-US"},{"@type":"Organization","@id":"https:\/\/nishi.com.br\/novo\/es\/#organization","name":"Nishi","url":"https:\/\/nishi.com.br\/novo\/es\/","logo":{"@type":"ImageObject","inLanguage":"en-US","@id":"https:\/\/nishi.com.br\/novo\/es\/#\/schema\/logo\/image\/","url":"https:\/\/nishi.com.br\/novo\/wp-content\/uploads\/2021\/06\/logo-footer.jpg","contentUrl":"https:\/\/nishi.com.br\/novo\/wp-content\/uploads\/2021\/06\/logo-footer.jpg","width":237,"height":80,"caption":"Nishi"},"image":{"@id":"https:\/\/nishi.com.br\/novo\/es\/#\/schema\/logo\/image\/"},"sameAs":["https:\/\/www.facebook.com\/nishi.com.br\/","https:\/\/br.linkedin.com\/company\/nishipower"]}]}},"_links":{"self":[{"href":"https:\/\/nishi.com.br\/novo\/en\/wp-json\/wp\/v2\/pages\/587","targetHints":{"allow":["GET"]}}],"collection":[{"href":"https:\/\/nishi.com.br\/novo\/en\/wp-json\/wp\/v2\/pages"}],"about":[{"href":"https:\/\/nishi.com.br\/novo\/en\/wp-json\/wp\/v2\/types\/page"}],"author":[{"embeddable":true,"href":"https:\/\/nishi.com.br\/novo\/en\/wp-json\/wp\/v2\/users\/1"}],"replies":[{"embeddable":true,"href":"https:\/\/nishi.com.br\/novo\/en\/wp-json\/wp\/v2\/comments?post=587"}],"version-history":[{"count":0,"href":"https:\/\/nishi.com.br\/novo\/en\/wp-json\/wp\/v2\/pages\/587\/revisions"}],"up":[{"embeddable":true,"href":"https:\/\/nishi.com.br\/novo\/en\/wp-json\/wp\/v2\/pages\/607"}],"wp:attachment":[{"href":"https:\/\/nishi.com.br\/novo\/en\/wp-json\/wp\/v2\/media?parent=587"}],"curies":[{"name":"wp","href":"https:\/\/api.w.org\/{rel}","templated":true}]}}