{"id":938,"date":"2021-07-05T16:51:46","date_gmt":"2021-07-05T19:51:46","guid":{"rendered":"https:\/\/testedeprojeto.com.br\/nishi\/?page_id=938"},"modified":"2021-07-13T17:40:08","modified_gmt":"2021-07-13T20:40:08","slug":"grupos-electrogenos","status":"publish","type":"page","link":"https:\/\/nishi.com.br\/novo\/es\/maquinas-electricas\/grupos-electrogenos\/","title":{"rendered":"Grupos electr\u00f3genos"},"content":{"rendered":"<p><div class=\"fusion-fullwidth fullwidth-box fusion-builder-row-1 fusion-flex-container fusion-parallax-none nonhundred-percent-fullwidth non-hundred-percent-height-scrolling\" style=\"--awb-border-radius-top-left:0px;--awb-border-radius-top-right:0px;--awb-border-radius-bottom-right:0px;--awb-border-radius-bottom-left:0px;--awb-padding-top:100px;--awb-padding-bottom:100px;--awb-padding-top-medium:60px;--awb-padding-bottom-medium:60px;--awb-padding-top-small:30px;--awb-padding-bottom-small:30px;--awb-background-image:url(&quot;https:\/\/nishi.com.br\/novo\/wp-content\/uploads\/2021\/06\/bg-white.jpg&quot;);--awb-background-size:cover;--awb-flex-wrap:wrap;\" ><div class=\"fusion-builder-row fusion-row fusion-flex-align-items-flex-start fusion-flex-content-wrap\" style=\"max-width:1216.8px;margin-left: calc(-4% \/ 2 );margin-right: calc(-4% \/ 2 );\"><div class=\"fusion-layout-column fusion_builder_column fusion-builder-column-0 fusion_builder_column_1_1 1_1 fusion-flex-column\" style=\"--awb-bg-size:cover;--awb-width-large:100%;--awb-margin-top-large:0px;--awb-spacing-right-large:100px;--awb-margin-bottom-large:20px;--awb-spacing-left-large:1.92%;--awb-width-medium:100%;--awb-order-medium:0;--awb-spacing-right-medium:30px;--awb-spacing-left-medium:1.92%;--awb-width-small:100%;--awb-order-small:0;--awb-spacing-right-small:30px;--awb-spacing-left-small:30px;\"><div class=\"fusion-column-wrapper fusion-column-has-shadow fusion-flex-justify-content-flex-start fusion-content-layout-column\"><div class=\"fusion-text fusion-text-1\"><h3>Grupos electr\u00f3genos diesel y de gas natural<\/h3>\n<div class=\"line_s\"><\/div>\n<ul>\n<li>Proyectos de repotenciaci\u00f3n;<\/li>\n<li>Rebobinado completo del estator;<\/li>\n<li>Rebobinado de rotores bobinados;<\/li>\n<li>Sustituci\u00f3n del bobinado de los rotores tipo jaula;<\/li>\n<li>Fabricaci\u00f3n de anillos colectores;<\/li>\n<li>Suministro o reubicaci\u00f3n de n\u00facleos rotativos y estator;<\/li>\n<li>Recunhagem;<\/li>\n<li>Servicios mec\u00e1nicos en general;<\/li>\n<li>Sustituci\u00f3n o recuperaci\u00f3n de ejes;<\/li>\n<li>Pruebas el\u00e9ctricas y pruebas para la supervisi\u00f3n de procesos;<\/li>\n<li>An\u00e1lisis de vibraciones y equilibrado;<\/li>\n<li>Control de descargas parciales.<\/li>\n<\/ul>\n<\/div><\/div><\/div><\/div><\/div><div class=\"fusion-fullwidth fullwidth-box fusion-builder-row-2 fusion-flex-container nonhundred-percent-fullwidth non-hundred-percent-height-scrolling\" style=\"--awb-border-radius-top-left:0px;--awb-border-radius-top-right:0px;--awb-border-radius-bottom-right:0px;--awb-border-radius-bottom-left:0px;--awb-margin-top:40px;--awb-margin-bottom:100px;--awb-margin-bottom-medium:60px;--awb-margin-bottom-small:30px;--awb-flex-wrap:wrap;\" ><div class=\"fusion-builder-row fusion-row fusion-flex-align-items-flex-start fusion-flex-content-wrap\" style=\"max-width:1216.8px;margin-left: calc(-4% \/ 2 );margin-right: calc(-4% \/ 2 );\"><div class=\"fusion-layout-column fusion_builder_column fusion-builder-column-1 fusion_builder_column_1_1 1_1 fusion-flex-column\" style=\"--awb-bg-size:cover;--awb-width-large:100%;--awb-margin-top-large:0px;--awb-spacing-right-large:1.92%;--awb-margin-bottom-large:20px;--awb-spacing-left-large:1.92%;--awb-width-medium:100%;--awb-order-medium:0;--awb-spacing-right-medium:1.92%;--awb-spacing-left-medium:1.92%;--awb-width-small:100%;--awb-order-small:0;--awb-spacing-right-small:1.92%;--awb-spacing-left-small:1.92%;\"><div class=\"fusion-column-wrapper fusion-column-has-shadow fusion-flex-justify-content-flex-start fusion-content-layout-column\"><div class=\"fusion-text fusion-text-2\"><h3>Cajas de grupos electr\u00f3genos diesel y de gas natural<\/h3>\n<div class=\"line_s\"><\/div>\n<\/div><div class=\"fusion-recent-posts fusion-recent-posts-1 avada-container layout-default layout-columns-3\"><section class=\"fusion-columns columns fusion-columns-3 columns-3\"><article class=\"post fusion-column column col col-lg-4 col-md-4 col-sm-4\"><div class=\"fusion-flexslider fusion-flexslider-loading flexslider flexslider-hover-type-none\"><ul class=\"slides\"><li><a href=\"https:\/\/nishi.com.br\/novo\/es\/nishi-participa-en-el-38o-congreso-brasileno-de-mantenimiento-y-gestion-de-activos-exponiendo-productos-servicios-y-equipos\/\" aria-label=\"Nishi participa en el 38\u00ba Congreso Brasile\u00f1o de Mantenimiento y Gesti\u00f3n de Activos, exponiendo productos, servicios y equipos\" class=\"hover-type-none\"><img decoding=\"async\" width=\"800\" height=\"533\" src=\"https:\/\/nishi.com.br\/novo\/wp-content\/uploads\/2023\/08\/painel-01-Expoman-opcao-01-1-1-e1693397122156.jpg\" class=\"attachment-full size-full\" alt=\"\" \/><\/a><\/li><\/ul><\/div><div class=\"recent-posts-content\"><span class=\"vcard\" style=\"display: none;\"><span class=\"fn\"><a href=\"https:\/\/nishi.com.br\/novo\/es\/author\/erica\/\" title=\"Entradas de Erica Castanho\" rel=\"author\">Erica Castanho<\/a><\/span><\/span><span class=\"updated\" style=\"display:none;\">2023-08-30T09:19:28-03:00<\/span><h4 class=\"entry-title\"><a href=\"https:\/\/nishi.com.br\/novo\/es\/nishi-participa-en-el-38o-congreso-brasileno-de-mantenimiento-y-gestion-de-activos-exponiendo-productos-servicios-y-equipos\/\">Nishi participa en el 38\u00ba Congreso Brasile\u00f1o de Mantenimiento y Gesti\u00f3n de Activos, exponiendo productos, servicios y equipos<\/a><\/h4><p class=\"meta\"><span class=\"vcard\" style=\"display: none;\"><span class=\"fn\"><a href=\"https:\/\/nishi.com.br\/novo\/es\/author\/erica\/\" title=\"Entradas de Erica Castanho\" rel=\"author\">Erica Castanho<\/a><\/span><\/span><span class=\"updated\" style=\"display:none;\">2023-08-30T09:19:28-03:00<\/span><span>30\/08\/2023<\/span><span class=\"fusion-inline-sep\">|<\/span><span class=\"fusion-comments\"><span>Comentarios desactivados<span class=\"screen-reader-text\"> en Nishi participa en el 38\u00ba Congreso Brasile\u00f1o de Mantenimiento y Gesti\u00f3n de Activos, exponiendo productos, servicios y equipos<\/span><\/span><\/span><\/p><p>Nishi estar\u00e1 presente del 26 al 28 de septiembre de 2023 en Curitiba-PR en el 38\u00ba Congreso Brasile\u00f1o de Mantenimiento y Gesti\u00f3n de Activos, exponiendo productos, servicios y equipos. EXPOMAN es la mayor feria del<br><a class=\"fusion-button button-flat fusion-button-default-size button-default button-1 fusion-button-default-span fusion-button-default-type\" target=\"_self\" href=\"https:\/\/nishi.com.br\/novo\/es\/nishi-participa-en-el-38o-congreso-brasileno-de-mantenimiento-y-gestion-de-activos-exponiendo-productos-servicios-y-equipos\/\" style=\"margin-top: 30px; width: 100%;\"><span class=\"fusion-button-text\">LEA MAS<\/span><\/a> <\/p><\/div><\/article><article class=\"post fusion-column column col col-lg-4 col-md-4 col-sm-4\"><div class=\"fusion-flexslider fusion-flexslider-loading flexslider flexslider-hover-type-none\"><ul class=\"slides\"><li><a href=\"https:\/\/nishi.com.br\/novo\/es\/seminario-de-mantenimiento-de-maquinaria-electrica-rotativa-de-media-y-alta-tension-02-al-06-de-octubre-de-2023\/\" aria-label=\"SEMINARIO DE MANTENIMIENTO DE MAQUINARIA EL\u00c9CTRICA ROTATIVA 02 al 06 de octubre de 2023\" class=\"hover-type-none\"><img decoding=\"async\" width=\"2560\" height=\"1440\" src=\"https:\/\/nishi.com.br\/novo\/wp-content\/uploads\/2023\/06\/cursomaquinasout23-scaled-e1686139930700.jpg\" class=\"attachment-full size-full\" alt=\"\" \/><\/a><\/li><\/ul><\/div><div class=\"recent-posts-content\"><span class=\"vcard\" style=\"display: none;\"><span class=\"fn\"><a href=\"https:\/\/nishi.com.br\/novo\/es\/author\/erica\/\" title=\"Entradas de Erica Castanho\" rel=\"author\">Erica Castanho<\/a><\/span><\/span><span class=\"updated\" style=\"display:none;\">2023-06-07T09:43:25-03:00<\/span><h4 class=\"entry-title\"><a href=\"https:\/\/nishi.com.br\/novo\/es\/seminario-de-mantenimiento-de-maquinaria-electrica-rotativa-de-media-y-alta-tension-02-al-06-de-octubre-de-2023\/\">SEMINARIO DE MANTENIMIENTO DE MAQUINARIA EL\u00c9CTRICA ROTATIVA 02 al 06 de octubre de 2023<\/a><\/h4><p class=\"meta\"><span class=\"vcard\" style=\"display: none;\"><span class=\"fn\"><a href=\"https:\/\/nishi.com.br\/novo\/es\/author\/erica\/\" title=\"Entradas de Erica Castanho\" rel=\"author\">Erica Castanho<\/a><\/span><\/span><span class=\"updated\" style=\"display:none;\">2023-06-07T09:43:25-03:00<\/span><span>07\/06\/2023<\/span><span class=\"fusion-inline-sep\">|<\/span><span class=\"fusion-comments\"><span>Comentarios desactivados<span class=\"screen-reader-text\"> en SEMINARIO DE MANTENIMIENTO DE MAQUINARIA EL\u00c9CTRICA ROTATIVA 02 al 06 de octubre de 2023<\/span><\/span><\/span><\/p><p>El curso de mantenimiento de m\u00e1quinas el\u00e9ctricas rotativas de media y alta tensi\u00f3n, realizado por Hara Engenharia en asociaci\u00f3n con Nishi, tiene las inscripciones abiertas para el curso que tendr\u00e1 lugar del 2 al 6<br><a class=\"fusion-button button-flat fusion-button-default-size button-default button-1 fusion-button-default-span fusion-button-default-type\" target=\"_self\" href=\"https:\/\/nishi.com.br\/novo\/es\/seminario-de-mantenimiento-de-maquinaria-electrica-rotativa-de-media-y-alta-tension-02-al-06-de-octubre-de-2023\/\" style=\"margin-top: 30px; width: 100%;\"><span class=\"fusion-button-text\">LEA MAS<\/span><\/a> <\/p><\/div><\/article><article class=\"post fusion-column column col col-lg-4 col-md-4 col-sm-4\"><div class=\"fusion-flexslider fusion-flexslider-loading flexslider flexslider-hover-type-none\"><ul class=\"slides\"><li><a href=\"https:\/\/nishi.com.br\/novo\/es\/webinar-gratuito-analisis-de-la-causa-raiz-de-la-falla-del-generador-presentado-por-quartzelec\/\" aria-label=\"WEBINAR GRATUITO: An\u00e1lisis de la causa ra\u00edz de la falla del generador &#8211; Presentado por Quartzelec\" class=\"hover-type-none\"><img decoding=\"async\" width=\"525\" height=\"350\" src=\"https:\/\/nishi.com.br\/novo\/wp-content\/uploads\/2023\/04\/1682523573688-1-e1682602256543.jpg\" class=\"attachment-full size-full\" alt=\"\" \/><\/a><\/li><\/ul><\/div><div class=\"recent-posts-content\"><span class=\"vcard\" style=\"display: none;\"><span class=\"fn\"><a href=\"https:\/\/nishi.com.br\/novo\/es\/author\/erica\/\" title=\"Entradas de Erica Castanho\" rel=\"author\">Erica Castanho<\/a><\/span><\/span><span class=\"updated\" style=\"display:none;\">2023-04-27T10:51:47-03:00<\/span><h4 class=\"entry-title\"><a href=\"https:\/\/nishi.com.br\/novo\/es\/webinar-gratuito-analisis-de-la-causa-raiz-de-la-falla-del-generador-presentado-por-quartzelec\/\">WEBINAR GRATUITO: An\u00e1lisis de la causa ra\u00edz de la falla del generador &#8211; Presentado por Quartzelec<\/a><\/h4><p class=\"meta\"><span class=\"vcard\" style=\"display: none;\"><span class=\"fn\"><a href=\"https:\/\/nishi.com.br\/novo\/es\/author\/erica\/\" title=\"Entradas de Erica Castanho\" rel=\"author\">Erica Castanho<\/a><\/span><\/span><span class=\"updated\" style=\"display:none;\">2023-04-27T10:51:47-03:00<\/span><span>27\/04\/2023<\/span><span class=\"fusion-inline-sep\">|<\/span><span class=\"fusion-comments\"><span>Comentarios desactivados<span class=\"screen-reader-text\"> en WEBINAR GRATUITO: An\u00e1lisis de la causa ra\u00edz de la falla del generador &#8211; Presentado por Quartzelec<\/span><\/span><\/span><\/p><p>Nishi y Quartzelec invitan a todas las partes interesadas a participar en el seminario web gratuito, en l\u00ednea y en vivo que abordar\u00e1 el tema: An\u00e1lisis de la causa ra\u00edz de la falla de aislamiento<br><a class=\"fusion-button button-flat fusion-button-default-size button-default button-1 fusion-button-default-span fusion-button-default-type\" target=\"_self\" href=\"https:\/\/nishi.com.br\/novo\/es\/webinar-gratuito-analisis-de-la-causa-raiz-de-la-falla-del-generador-presentado-por-quartzelec\/\" style=\"margin-top: 30px; width: 100%;\"><span class=\"fusion-button-text\">LEA MAS<\/span><\/a> <\/p><\/div><\/article><\/section><\/div><\/div><\/div><\/div><\/div><div class=\"fusion-fullwidth fullwidth-box fusion-builder-row-3 fusion-flex-container fusion-parallax-none nonhundred-percent-fullwidth non-hundred-percent-height-scrolling\" style=\"--awb-border-radius-top-left:0px;--awb-border-radius-top-right:0px;--awb-border-radius-bottom-right:0px;--awb-border-radius-bottom-left:0px;--awb-min-height:600px;--awb-background-image:url(&quot;https:\/\/nishi.com.br\/novo\/wp-content\/uploads\/2021\/06\/newsletter-bg.jpg&quot;);--awb-background-size:cover;--awb-flex-wrap:wrap;\" id=\"newsletter\" ><div class=\"fusion-builder-row fusion-row fusion-flex-align-items-center fusion-flex-align-content-center fusion-flex-content-wrap\" style=\"max-width:1216.8px;margin-left: calc(-4% \/ 2 );margin-right: calc(-4% \/ 2 );\"><div class=\"fusion-layout-column fusion_builder_column fusion-builder-column-2 fusion_builder_column_1_1 1_1 fusion-flex-column\" style=\"--awb-bg-size:cover;--awb-width-large:100%;--awb-margin-top-large:0px;--awb-spacing-right-large:1.92%;--awb-margin-bottom-large:20px;--awb-spacing-left-large:1.92%;--awb-width-medium:100%;--awb-order-medium:0;--awb-spacing-right-medium:1.92%;--awb-spacing-left-medium:1.92%;--awb-width-small:100%;--awb-order-small:0;--awb-spacing-right-small:1.92%;--awb-spacing-left-small:1.92%;\"><div class=\"fusion-column-wrapper fusion-column-has-shadow fusion-flex-justify-content-flex-start fusion-content-layout-column\"><div class=\"fusion-text fusion-text-3\" style=\"--awb-font-size:40px;--awb-line-height:45px;--awb-text-color:#ffffff;--awb-text-font-family:&quot;Lato&quot;;--awb-text-font-style:normal;--awb-text-font-weight:700;\"><p style=\"text-align: center;\">\u00bfLe gustar\u00eda recibir contenido exclusivo sobre m\u00e1quinas el\u00e9ctricas?<\/p>\n<\/div><div class=\"fusion-text fusion-text-4 fusion-text-no-margin\" style=\"--awb-font-size:25px;--awb-line-height:30px;--awb-text-color:#ffffff;--awb-margin-bottom:20px;--awb-text-font-family:&quot;Lato&quot;;--awb-text-font-style:normal;--awb-text-font-weight:400;\"><p style=\"text-align: center;\">Nishi se ha especializado en la reparaci\u00f3n y mantenimiento de su equipo durante m\u00e1s de 70 a\u00f1os.<br \/>\nRegistre su correo electr\u00f3nico y reciba todas las novedades del sector.<\/p>\n<\/div>\n<div class=\"wpcf7 no-js\" id=\"wpcf7-f1194-o1\" lang=\"pt-BR\" dir=\"ltr\" data-wpcf7-id=\"1194\">\n<div class=\"screen-reader-response\"><p role=\"status\" aria-live=\"polite\" aria-atomic=\"true\"><\/p> <ul><\/ul><\/div>\n<form action=\"\/novo\/es\/wp-json\/wp\/v2\/pages\/938#wpcf7-f1194-o1\" method=\"post\" class=\"wpcf7-form init 664f4d09c945 cmatic-disconn cmatic-aud-2 cmatic-mapd0-0 cmatic-v0973 cmatic-sent-0 cmatic-total-0\" aria-label=\"Formul\u00e1rios de contato\" novalidate=\"novalidate\" data-status=\"init\">\n<fieldset class=\"hidden-fields-container\"><input type=\"hidden\" name=\"_wpcf7\" value=\"1194\" \/><input type=\"hidden\" name=\"_wpcf7_version\" value=\"6.1.4\" \/><input type=\"hidden\" name=\"_wpcf7_locale\" value=\"pt_BR\" \/><input type=\"hidden\" name=\"_wpcf7_unit_tag\" value=\"wpcf7-f1194-o1\" \/><input type=\"hidden\" name=\"_wpcf7_container_post\" value=\"0\" \/><input type=\"hidden\" name=\"_wpcf7_posted_data_hash\" value=\"\" \/>\n<\/fieldset>\n<div class=\"content-column one_third\">\n\t<p><span class=\"wpcf7-form-control-wrap\" data-name=\"your-name\"><input size=\"40\" maxlength=\"400\" class=\"wpcf7-form-control wpcf7-text wpcf7-validates-as-required\" aria-required=\"true\" aria-invalid=\"false\" placeholder=\"Nombre\" value=\"\" type=\"text\" name=\"your-name\" \/><\/span>\n\t<\/p>\n<\/div>\n<div class=\"content-column one_third\">\n\t<p><span class=\"wpcf7-form-control-wrap\" data-name=\"your-email\"><input size=\"40\" maxlength=\"400\" class=\"wpcf7-form-control wpcf7-email wpcf7-validates-as-required wpcf7-text wpcf7-validates-as-email\" aria-required=\"true\" aria-invalid=\"false\" placeholder=\"Correo electr\u00f3nico\" value=\"\" type=\"email\" name=\"your-email\" \/><\/span>\n\t<\/p>\n<\/div>\n<div class=\"content-column one_third last_column\">\n\t<p><span class=\"wpcf7-form-control-wrap\" data-name=\"tel-903\"><input size=\"40\" maxlength=\"400\" class=\"wpcf7-form-control wpcf7-tel wpcf7-validates-as-required wpcf7-text wpcf7-validates-as-tel\" aria-required=\"true\" aria-invalid=\"false\" placeholder=\"Tel\u00e9fono\" value=\"\" type=\"tel\" name=\"tel-903\" \/><\/span>\n\t<\/p>\n<\/div>\n<div class=\"clear_column\">\n<\/div>\n<div style=\"text-align: center; margin-right:22px;\">\n\t<p><input class=\"wpcf7-form-control wpcf7-submit has-spinner\" type=\"submit\" value=\"RECIBIR INFORMACI\u00d3N T\u00c9CNICA\" \/>\n\t<\/p>\n<\/div><div class=\"fusion-alert alert custom alert-custom fusion-alert-center wpcf7-response-output awb-alert-native-link-color alert-dismissable awb-alert-close-boxed\" style=\"--awb-border-size:1px;--awb-border-top-left-radius:0px;--awb-border-top-right-radius:0px;--awb-border-bottom-left-radius:0px;--awb-border-bottom-right-radius:0px;\" role=\"alert\"><div class=\"fusion-alert-content-wrapper\"><span class=\"fusion-alert-content\"><\/span><\/div><button type=\"button\" class=\"close toggle-alert\" data-dismiss=\"alert\" aria-label=\"Fechar\">&times;<\/button><\/div>\n<\/form>\n<\/div>\n<\/div><\/div><\/div><\/div><\/p>\n","protected":false},"excerpt":{"rendered":"","protected":false},"author":1,"featured_media":0,"parent":953,"menu_order":0,"comment_status":"closed","ping_status":"closed","template":"100-width.php","meta":{"_joinchat":[],"footnotes":""},"class_list":["post-938","page","type-page","status-publish","hentry"],"yoast_head":"<!-- This site is optimized with the Yoast SEO plugin v26.8 - https:\/\/yoast.com\/product\/yoast-seo-wordpress\/ -->\n<title>Grupos electr\u00f3genos - Nishi<\/title>\n<meta name=\"robots\" content=\"index, follow, max-snippet:-1, max-image-preview:large, max-video-preview:-1\" \/>\n<link rel=\"canonical\" href=\"https:\/\/nishi.com.br\/novo\/es\/maquinas-electricas\/grupos-electrogenos\/\" \/>\n<meta property=\"og:locale\" content=\"es_ES\" \/>\n<meta property=\"og:type\" content=\"article\" \/>\n<meta property=\"og:title\" content=\"Grupos electr\u00f3genos - Nishi\" \/>\n<meta property=\"og:url\" content=\"https:\/\/nishi.com.br\/novo\/es\/maquinas-electricas\/grupos-electrogenos\/\" \/>\n<meta property=\"og:site_name\" content=\"Nishi\" \/>\n<meta property=\"article:publisher\" content=\"https:\/\/www.facebook.com\/nishi.com.br\/\" \/>\n<meta property=\"article:modified_time\" content=\"2021-07-13T20:40:08+00:00\" \/>\n<meta name=\"twitter:card\" content=\"summary_large_image\" \/>\n<meta name=\"twitter:label1\" content=\"Tiempo de lectura\" \/>\n\t<meta name=\"twitter:data1\" content=\"11 minutos\" \/>\n<script type=\"application\/ld+json\" class=\"yoast-schema-graph\">{\"@context\":\"https:\/\/schema.org\",\"@graph\":[{\"@type\":\"WebPage\",\"@id\":\"https:\/\/nishi.com.br\/novo\/es\/maquinas-electricas\/grupos-electrogenos\/\",\"url\":\"https:\/\/nishi.com.br\/novo\/es\/maquinas-electricas\/grupos-electrogenos\/\",\"name\":\"Grupos electr\u00f3genos - Nishi\",\"isPartOf\":{\"@id\":\"https:\/\/nishi.com.br\/novo\/es\/#website\"},\"datePublished\":\"2021-07-05T19:51:46+00:00\",\"dateModified\":\"2021-07-13T20:40:08+00:00\",\"breadcrumb\":{\"@id\":\"https:\/\/nishi.com.br\/novo\/es\/maquinas-electricas\/grupos-electrogenos\/#breadcrumb\"},\"inLanguage\":\"es\",\"potentialAction\":[{\"@type\":\"ReadAction\",\"target\":[\"https:\/\/nishi.com.br\/novo\/es\/maquinas-electricas\/grupos-electrogenos\/\"]}]},{\"@type\":\"BreadcrumbList\",\"@id\":\"https:\/\/nishi.com.br\/novo\/es\/maquinas-electricas\/grupos-electrogenos\/#breadcrumb\",\"itemListElement\":[{\"@type\":\"ListItem\",\"position\":1,\"name\":\"In\u00edcio\",\"item\":\"https:\/\/nishi.com.br\/novo\/es\/\"},{\"@type\":\"ListItem\",\"position\":2,\"name\":\"M\u00e1quinas El\u00e9ctricas\",\"item\":\"https:\/\/nishi.com.br\/novo\/es\/maquinas-electricas\/\"},{\"@type\":\"ListItem\",\"position\":3,\"name\":\"Grupos electr\u00f3genos\"}]},{\"@type\":\"WebSite\",\"@id\":\"https:\/\/nishi.com.br\/novo\/es\/#website\",\"url\":\"https:\/\/nishi.com.br\/novo\/es\/\",\"name\":\"Nishi\",\"description\":\"Manuten\u00e7\u00e3o de m\u00e1quinas el\u00e9tricas desde 1950\",\"publisher\":{\"@id\":\"https:\/\/nishi.com.br\/novo\/es\/#organization\"},\"potentialAction\":[{\"@type\":\"SearchAction\",\"target\":{\"@type\":\"EntryPoint\",\"urlTemplate\":\"https:\/\/nishi.com.br\/novo\/es\/?s={search_term_string}\"},\"query-input\":{\"@type\":\"PropertyValueSpecification\",\"valueRequired\":true,\"valueName\":\"search_term_string\"}}],\"inLanguage\":\"es\"},{\"@type\":\"Organization\",\"@id\":\"https:\/\/nishi.com.br\/novo\/es\/#organization\",\"name\":\"Nishi\",\"url\":\"https:\/\/nishi.com.br\/novo\/es\/\",\"logo\":{\"@type\":\"ImageObject\",\"inLanguage\":\"es\",\"@id\":\"https:\/\/nishi.com.br\/novo\/es\/#\/schema\/logo\/image\/\",\"url\":\"https:\/\/nishi.com.br\/novo\/wp-content\/uploads\/2021\/06\/logo-footer.jpg\",\"contentUrl\":\"https:\/\/nishi.com.br\/novo\/wp-content\/uploads\/2021\/06\/logo-footer.jpg\",\"width\":237,\"height\":80,\"caption\":\"Nishi\"},\"image\":{\"@id\":\"https:\/\/nishi.com.br\/novo\/es\/#\/schema\/logo\/image\/\"},\"sameAs\":[\"https:\/\/www.facebook.com\/nishi.com.br\/\",\"https:\/\/br.linkedin.com\/company\/nishipower\"]}]}<\/script>\n<!-- \/ Yoast SEO plugin. -->","yoast_head_json":{"title":"Grupos electr\u00f3genos - Nishi","robots":{"index":"index","follow":"follow","max-snippet":"max-snippet:-1","max-image-preview":"max-image-preview:large","max-video-preview":"max-video-preview:-1"},"canonical":"https:\/\/nishi.com.br\/novo\/es\/maquinas-electricas\/grupos-electrogenos\/","og_locale":"es_ES","og_type":"article","og_title":"Grupos electr\u00f3genos - Nishi","og_url":"https:\/\/nishi.com.br\/novo\/es\/maquinas-electricas\/grupos-electrogenos\/","og_site_name":"Nishi","article_publisher":"https:\/\/www.facebook.com\/nishi.com.br\/","article_modified_time":"2021-07-13T20:40:08+00:00","twitter_card":"summary_large_image","twitter_misc":{"Tiempo de lectura":"11 minutos"},"schema":{"@context":"https:\/\/schema.org","@graph":[{"@type":"WebPage","@id":"https:\/\/nishi.com.br\/novo\/es\/maquinas-electricas\/grupos-electrogenos\/","url":"https:\/\/nishi.com.br\/novo\/es\/maquinas-electricas\/grupos-electrogenos\/","name":"Grupos electr\u00f3genos - Nishi","isPartOf":{"@id":"https:\/\/nishi.com.br\/novo\/es\/#website"},"datePublished":"2021-07-05T19:51:46+00:00","dateModified":"2021-07-13T20:40:08+00:00","breadcrumb":{"@id":"https:\/\/nishi.com.br\/novo\/es\/maquinas-electricas\/grupos-electrogenos\/#breadcrumb"},"inLanguage":"es","potentialAction":[{"@type":"ReadAction","target":["https:\/\/nishi.com.br\/novo\/es\/maquinas-electricas\/grupos-electrogenos\/"]}]},{"@type":"BreadcrumbList","@id":"https:\/\/nishi.com.br\/novo\/es\/maquinas-electricas\/grupos-electrogenos\/#breadcrumb","itemListElement":[{"@type":"ListItem","position":1,"name":"In\u00edcio","item":"https:\/\/nishi.com.br\/novo\/es\/"},{"@type":"ListItem","position":2,"name":"M\u00e1quinas El\u00e9ctricas","item":"https:\/\/nishi.com.br\/novo\/es\/maquinas-electricas\/"},{"@type":"ListItem","position":3,"name":"Grupos electr\u00f3genos"}]},{"@type":"WebSite","@id":"https:\/\/nishi.com.br\/novo\/es\/#website","url":"https:\/\/nishi.com.br\/novo\/es\/","name":"Nishi","description":"Manuten\u00e7\u00e3o de m\u00e1quinas el\u00e9tricas desde 1950","publisher":{"@id":"https:\/\/nishi.com.br\/novo\/es\/#organization"},"potentialAction":[{"@type":"SearchAction","target":{"@type":"EntryPoint","urlTemplate":"https:\/\/nishi.com.br\/novo\/es\/?s={search_term_string}"},"query-input":{"@type":"PropertyValueSpecification","valueRequired":true,"valueName":"search_term_string"}}],"inLanguage":"es"},{"@type":"Organization","@id":"https:\/\/nishi.com.br\/novo\/es\/#organization","name":"Nishi","url":"https:\/\/nishi.com.br\/novo\/es\/","logo":{"@type":"ImageObject","inLanguage":"es","@id":"https:\/\/nishi.com.br\/novo\/es\/#\/schema\/logo\/image\/","url":"https:\/\/nishi.com.br\/novo\/wp-content\/uploads\/2021\/06\/logo-footer.jpg","contentUrl":"https:\/\/nishi.com.br\/novo\/wp-content\/uploads\/2021\/06\/logo-footer.jpg","width":237,"height":80,"caption":"Nishi"},"image":{"@id":"https:\/\/nishi.com.br\/novo\/es\/#\/schema\/logo\/image\/"},"sameAs":["https:\/\/www.facebook.com\/nishi.com.br\/","https:\/\/br.linkedin.com\/company\/nishipower"]}]}},"_links":{"self":[{"href":"https:\/\/nishi.com.br\/novo\/es\/wp-json\/wp\/v2\/pages\/938","targetHints":{"allow":["GET"]}}],"collection":[{"href":"https:\/\/nishi.com.br\/novo\/es\/wp-json\/wp\/v2\/pages"}],"about":[{"href":"https:\/\/nishi.com.br\/novo\/es\/wp-json\/wp\/v2\/types\/page"}],"author":[{"embeddable":true,"href":"https:\/\/nishi.com.br\/novo\/es\/wp-json\/wp\/v2\/users\/1"}],"replies":[{"embeddable":true,"href":"https:\/\/nishi.com.br\/novo\/es\/wp-json\/wp\/v2\/comments?post=938"}],"version-history":[{"count":0,"href":"https:\/\/nishi.com.br\/novo\/es\/wp-json\/wp\/v2\/pages\/938\/revisions"}],"up":[{"embeddable":true,"href":"https:\/\/nishi.com.br\/novo\/es\/wp-json\/wp\/v2\/pages\/953"}],"wp:attachment":[{"href":"https:\/\/nishi.com.br\/novo\/es\/wp-json\/wp\/v2\/media?parent=938"}],"curies":[{"name":"wp","href":"https:\/\/api.w.org\/{rel}","templated":true}]}}