{"id":289,"date":"2021-06-21T14:45:23","date_gmt":"2021-06-21T17:45:23","guid":{"rendered":"https:\/\/testedeprojeto.com.br\/nishi\/?page_id=289"},"modified":"2021-08-25T08:13:53","modified_gmt":"2021-08-25T11:13:53","slug":"maquinas-cc","status":"publish","type":"page","link":"https:\/\/nishi.com.br\/novo\/pt-br\/maquinas-eletricas\/maquinas-cc\/","title":{"rendered":"M\u00e1quinas CC"},"content":{"rendered":"<p><div class=\"fusion-fullwidth fullwidth-box fusion-builder-row-1 fusion-flex-container fusion-parallax-none nonhundred-percent-fullwidth non-hundred-percent-height-scrolling\" style=\"--awb-border-radius-top-left:0px;--awb-border-radius-top-right:0px;--awb-border-radius-bottom-right:0px;--awb-border-radius-bottom-left:0px;--awb-padding-top:100px;--awb-padding-bottom:100px;--awb-padding-top-medium:60px;--awb-padding-bottom-medium:60px;--awb-padding-top-small:30px;--awb-padding-bottom-small:30px;--awb-background-image:url(&quot;https:\/\/nishi.com.br\/novo\/wp-content\/uploads\/2021\/06\/bg-white.jpg&quot;);--awb-background-size:cover;--awb-flex-wrap:wrap;\" ><div class=\"fusion-builder-row fusion-row fusion-flex-align-items-flex-start fusion-flex-content-wrap\" style=\"max-width:1216.8px;margin-left: calc(-4% \/ 2 );margin-right: calc(-4% \/ 2 );\"><div class=\"fusion-layout-column fusion_builder_column fusion-builder-column-0 fusion_builder_column_1_1 1_1 fusion-flex-column\" style=\"--awb-bg-size:cover;--awb-width-large:100%;--awb-margin-top-large:0px;--awb-spacing-right-large:100px;--awb-margin-bottom-large:20px;--awb-spacing-left-large:1.92%;--awb-width-medium:100%;--awb-order-medium:0;--awb-spacing-right-medium:30px;--awb-spacing-left-medium:1.92%;--awb-width-small:100%;--awb-order-small:0;--awb-spacing-right-small:30px;--awb-spacing-left-small:30px;\"><div class=\"fusion-column-wrapper fusion-column-has-shadow fusion-flex-justify-content-flex-start fusion-content-layout-column\"><div class=\"fusion-text fusion-text-1\"><h3>M\u00e1quinas CC<\/h3>\n<div class=\"line_s\"><\/div>\n<ul>\n<li>Rebobinagem do estator;<\/li>\n<li>(campo\/interpolo\/compensa\u00e7\u00e3o);<\/li>\n<li>Rebobinagem da armadura;<\/li>\n<li>Fornecimento ou reparo de comutadores;<\/li>\n<li>Fornecimento ou remanejamento de n\u00facleos rot\u00f3rico e estat\u00f3rico;<\/li>\n<li>Servi\u00e7os mec\u00e2nicos em geral;<\/li>\n<li>Substituir ou recuperar eixos;<\/li>\n<li>Testes e Ensaios el\u00e9tricos para acompanhamento de processo;<\/li>\n<li>An\u00e1lise de vibra\u00e7\u00e3o e balanceamento;<\/li>\n<\/ul>\n<\/div><\/div><\/div><\/div><\/div><div class=\"fusion-fullwidth fullwidth-box fusion-builder-row-2 fusion-flex-container nonhundred-percent-fullwidth non-hundred-percent-height-scrolling\" style=\"--awb-border-radius-top-left:0px;--awb-border-radius-top-right:0px;--awb-border-radius-bottom-right:0px;--awb-border-radius-bottom-left:0px;--awb-margin-top:40px;--awb-margin-bottom:100px;--awb-margin-bottom-medium:60px;--awb-margin-bottom-small:30px;--awb-flex-wrap:wrap;\" ><div class=\"fusion-builder-row fusion-row fusion-flex-align-items-flex-start fusion-flex-content-wrap\" style=\"max-width:1216.8px;margin-left: calc(-4% \/ 2 );margin-right: calc(-4% \/ 2 );\"><div class=\"fusion-layout-column fusion_builder_column fusion-builder-column-1 fusion_builder_column_1_1 1_1 fusion-flex-column\" style=\"--awb-bg-size:cover;--awb-width-large:100%;--awb-margin-top-large:0px;--awb-spacing-right-large:1.92%;--awb-margin-bottom-large:20px;--awb-spacing-left-large:1.92%;--awb-width-medium:100%;--awb-order-medium:0;--awb-spacing-right-medium:1.92%;--awb-spacing-left-medium:1.92%;--awb-width-small:100%;--awb-order-small:0;--awb-spacing-right-small:1.92%;--awb-spacing-left-small:1.92%;\"><div class=\"fusion-column-wrapper fusion-column-has-shadow fusion-flex-justify-content-flex-start fusion-content-layout-column\"><div class=\"fusion-text fusion-text-2\"><h3>M\u00e1quinas CC<\/h3>\n<div class=\"line_s\"><\/div>\n<\/div><div class=\"fusion-recent-posts fusion-recent-posts-1 avada-container layout-default layout-columns-3\"><section class=\"fusion-columns columns fusion-columns-3 columns-3\"><article class=\"post fusion-column column col col-lg-4 col-md-4 col-sm-4\"><div class=\"fusion-flexslider fusion-flexslider-loading flexslider flexslider-hover-type-none\"><ul class=\"slides\"><li><a href=\"https:\/\/nishi.com.br\/novo\/pt-br\/curso-de-manutencao-de-maquinas-eletricas-rotativas-24-a-28-de-junho-de-2024-e-18-a-22-de-novembro-de-2024\/\" aria-label=\"CURSO DE MANUTEN\u00c7\u00c3O DE M\u00c1QUINAS EL\u00c9TRICAS ROTATIVAS 23 a 27 de setembro de 2024 e 18 a 22 de novembro de 2024\" class=\"hover-type-none\"><img decoding=\"async\" width=\"752\" height=\"527\" src=\"https:\/\/nishi.com.br\/novo\/wp-content\/uploads\/2024\/07\/Design-sem-nome-1.png\" class=\"attachment-full size-full\" alt=\"\" srcset=\"https:\/\/nishi.com.br\/novo\/wp-content\/uploads\/2024\/07\/Design-sem-nome-1-200x140.png 200w, https:\/\/nishi.com.br\/novo\/wp-content\/uploads\/2024\/07\/Design-sem-nome-1-400x280.png 400w, https:\/\/nishi.com.br\/novo\/wp-content\/uploads\/2024\/07\/Design-sem-nome-1-600x420.png 600w, https:\/\/nishi.com.br\/novo\/wp-content\/uploads\/2024\/07\/Design-sem-nome-1.png 752w\" sizes=\"(min-width: 2200px) 100vw, (min-width: 784px) 370px, (min-width: 712px) 555px, (min-width: 640px) 712px, \" \/><\/a><\/li><\/ul><\/div><div class=\"recent-posts-content\"><span class=\"vcard\" style=\"display: none;\"><span class=\"fn\"><a href=\"https:\/\/nishi.com.br\/novo\/pt-br\/author\/renan\/\" title=\"Posts de Renan Medina\" rel=\"author\">Renan Medina<\/a><\/span><\/span><span class=\"updated\" style=\"display:none;\">2024-07-25T14:51:08-03:00<\/span><h4 class=\"entry-title\"><a href=\"https:\/\/nishi.com.br\/novo\/pt-br\/curso-de-manutencao-de-maquinas-eletricas-rotativas-24-a-28-de-junho-de-2024-e-18-a-22-de-novembro-de-2024\/\">CURSO DE MANUTEN\u00c7\u00c3O DE M\u00c1QUINAS EL\u00c9TRICAS ROTATIVAS 23 a 27 de setembro de 2024 e 18 a 22 de novembro de 2024<\/a><\/h4><p class=\"meta\"><span class=\"vcard\" style=\"display: none;\"><span class=\"fn\"><a href=\"https:\/\/nishi.com.br\/novo\/pt-br\/author\/renan\/\" title=\"Posts de Renan Medina\" rel=\"author\">Renan Medina<\/a><\/span><\/span><span class=\"updated\" style=\"display:none;\">2024-07-25T14:51:08-03:00<\/span><span>25\/07\/2024<\/span><span class=\"fusion-inline-sep\">|<\/span><span class=\"fusion-comments\"><span>Coment\u00e1rios desativados<span class=\"screen-reader-text\"> em CURSO DE MANUTEN\u00c7\u00c3O DE M\u00c1QUINAS EL\u00c9TRICAS ROTATIVAS 23 a 27 de setembro de 2024 e 18 a 22 de novembro de 2024<\/span><\/span><\/span><\/p><p>O curso de manuten\u00e7\u00e3o de m\u00e1quinas el\u00e9tricas rotativas de m\u00e9dia e alta tens\u00e3o realizado pela Hara Engenharia com a parceria da Nishi est\u00e1 com inscri\u00e7\u00f5es abertas para a turmas que ser\u00e3o realizadas em 23 a<br><a class=\"fusion-button button-flat fusion-button-default-size button-default button-1 fusion-button-default-span fusion-button-default-type\" target=\"_self\" href=\"https:\/\/nishi.com.br\/novo\/pt-br\/curso-de-manutencao-de-maquinas-eletricas-rotativas-24-a-28-de-junho-de-2024-e-18-a-22-de-novembro-de-2024\/\" style=\"margin-top: 30px; width: 100%;\"><span class=\"fusion-button-text\">LEIA MAIS<\/span><\/a> <\/p><\/div><\/article><article class=\"post fusion-column column col col-lg-4 col-md-4 col-sm-4\"><div class=\"fusion-flexslider fusion-flexslider-loading flexslider flexslider-hover-type-none\"><ul class=\"slides\"><li><a href=\"https:\/\/nishi.com.br\/novo\/pt-br\/curso-de-manutencao-de-maquinas-eletricas-rotativas-18-a-22-de-marco-de-2024\/\" aria-label=\"CURSO DE MANUTEN\u00c7\u00c3O DE M\u00c1QUINAS EL\u00c9TRICAS ROTATIVAS 24 a 28 de junho de 2024\" class=\"hover-type-none\"><img decoding=\"async\" width=\"793\" height=\"446\" src=\"https:\/\/nishi.com.br\/novo\/wp-content\/uploads\/2023\/12\/curso-2024-scaled-e1702304787319.jpg\" class=\"attachment-full size-full\" alt=\"\" \/><\/a><\/li><\/ul><\/div><div class=\"recent-posts-content\"><span class=\"vcard\" style=\"display: none;\"><span class=\"fn\"><a href=\"https:\/\/nishi.com.br\/novo\/pt-br\/author\/erica\/\" title=\"Posts de Erica Castanho\" rel=\"author\">Erica Castanho<\/a><\/span><\/span><span class=\"updated\" style=\"display:none;\">2024-02-09T14:59:30-03:00<\/span><h4 class=\"entry-title\"><a href=\"https:\/\/nishi.com.br\/novo\/pt-br\/curso-de-manutencao-de-maquinas-eletricas-rotativas-18-a-22-de-marco-de-2024\/\">CURSO DE MANUTEN\u00c7\u00c3O DE M\u00c1QUINAS EL\u00c9TRICAS ROTATIVAS 24 a 28 de junho de 2024<\/a><\/h4><p class=\"meta\"><span class=\"vcard\" style=\"display: none;\"><span class=\"fn\"><a href=\"https:\/\/nishi.com.br\/novo\/pt-br\/author\/erica\/\" title=\"Posts de Erica Castanho\" rel=\"author\">Erica Castanho<\/a><\/span><\/span><span class=\"updated\" style=\"display:none;\">2024-02-09T14:59:30-03:00<\/span><span>11\/12\/2023<\/span><span class=\"fusion-inline-sep\">|<\/span><span class=\"fusion-comments\"><span>Coment\u00e1rios desativados<span class=\"screen-reader-text\"> em CURSO DE MANUTEN\u00c7\u00c3O DE M\u00c1QUINAS EL\u00c9TRICAS ROTATIVAS 24 a 28 de junho de 2024<\/span><\/span><\/span><\/p><p>O curso de manuten\u00e7\u00e3o de m\u00e1quinas el\u00e9tricas rotativas de m\u00e9dia e alta tens\u00e3o realizado pela Hara Engenharia com a parceria da Nishi est\u00e1 com inscri\u00e7\u00f5es abertas para a turma que ser\u00e1 realizada de 24 a<br><a class=\"fusion-button button-flat fusion-button-default-size button-default button-1 fusion-button-default-span fusion-button-default-type\" target=\"_self\" href=\"https:\/\/nishi.com.br\/novo\/pt-br\/curso-de-manutencao-de-maquinas-eletricas-rotativas-18-a-22-de-marco-de-2024\/\" style=\"margin-top: 30px; width: 100%;\"><span class=\"fusion-button-text\">LEIA MAIS<\/span><\/a> <\/p><\/div><\/article><article class=\"post fusion-column column col col-lg-4 col-md-4 col-sm-4\"><div class=\"fusion-flexslider fusion-flexslider-loading flexslider flexslider-hover-type-none\"><ul class=\"slides\"><li><a href=\"https:\/\/nishi.com.br\/novo\/pt-br\/nishi-participa-do-38o-congresso-brasileiro-de-manutencao-e-gestao-de-ativos-na-exposicao-de-produtos-servicos-e-equipamentos\/\" aria-label=\"Nishi participa do 38\u00ba Congresso Brasileiro de Manuten\u00e7\u00e3o e Gest\u00e3o de Ativos na exposi\u00e7\u00e3o de produtos, servi\u00e7os e equipamentos\" class=\"hover-type-none\"><img decoding=\"async\" width=\"400\" height=\"267\" src=\"https:\/\/nishi.com.br\/novo\/wp-content\/uploads\/2023\/08\/painel-01-Expoman-opcao-01-1-1-e1693397122156.jpg\" class=\"attachment-full size-full\" alt=\"\" \/><\/a><\/li><\/ul><\/div><div class=\"recent-posts-content\"><span class=\"vcard\" style=\"display: none;\"><span class=\"fn\"><a href=\"https:\/\/nishi.com.br\/novo\/pt-br\/author\/erica\/\" title=\"Posts de Erica Castanho\" rel=\"author\">Erica Castanho<\/a><\/span><\/span><span class=\"updated\" style=\"display:none;\">2023-09-19T09:45:25-03:00<\/span><h4 class=\"entry-title\"><a href=\"https:\/\/nishi.com.br\/novo\/pt-br\/nishi-participa-do-38o-congresso-brasileiro-de-manutencao-e-gestao-de-ativos-na-exposicao-de-produtos-servicos-e-equipamentos\/\">Nishi participa do 38\u00ba Congresso Brasileiro de Manuten\u00e7\u00e3o e Gest\u00e3o de Ativos na exposi\u00e7\u00e3o de produtos, servi\u00e7os e equipamentos<\/a><\/h4><p class=\"meta\"><span class=\"vcard\" style=\"display: none;\"><span class=\"fn\"><a href=\"https:\/\/nishi.com.br\/novo\/pt-br\/author\/erica\/\" title=\"Posts de Erica Castanho\" rel=\"author\">Erica Castanho<\/a><\/span><\/span><span class=\"updated\" style=\"display:none;\">2023-09-19T09:45:25-03:00<\/span><span>30\/08\/2023<\/span><span class=\"fusion-inline-sep\">|<\/span><span class=\"fusion-comments\"><span>Coment\u00e1rios desativados<span class=\"screen-reader-text\"> em Nishi participa do 38\u00ba Congresso Brasileiro de Manuten\u00e7\u00e3o e Gest\u00e3o de Ativos na exposi\u00e7\u00e3o de produtos, servi\u00e7os e equipamentos<\/span><\/span><\/span><\/p><p>A Nishi estar\u00e1 presente dos dias 26 a 28 de setembro de 2023 em Curitiba-PR no 38\u00ba Congresso Brasileiro de Manuten\u00e7\u00e3o e Gest\u00e3o de Ativos na exposi\u00e7\u00e3o de produtos, servi\u00e7os e equipamentos. A EXPOMAN, a<br><a class=\"fusion-button button-flat fusion-button-default-size button-default button-1 fusion-button-default-span fusion-button-default-type\" target=\"_self\" href=\"https:\/\/nishi.com.br\/novo\/pt-br\/nishi-participa-do-38o-congresso-brasileiro-de-manutencao-e-gestao-de-ativos-na-exposicao-de-produtos-servicos-e-equipamentos\/\" style=\"margin-top: 30px; width: 100%;\"><span class=\"fusion-button-text\">LEIA MAIS<\/span><\/a> <\/p><\/div><\/article><\/section><\/div><\/div><\/div><\/div><\/div><div class=\"fusion-fullwidth fullwidth-box fusion-builder-row-3 fusion-flex-container fusion-parallax-none nonhundred-percent-fullwidth non-hundred-percent-height-scrolling\" style=\"--awb-border-radius-top-left:0px;--awb-border-radius-top-right:0px;--awb-border-radius-bottom-right:0px;--awb-border-radius-bottom-left:0px;--awb-min-height:600px;--awb-background-image:url(&quot;https:\/\/nishi.com.br\/novo\/wp-content\/uploads\/2021\/06\/newsletter-bg.jpg&quot;);--awb-background-size:cover;--awb-flex-wrap:wrap;\" id=\"newsletter\" ><div class=\"fusion-builder-row fusion-row fusion-flex-align-items-center fusion-flex-align-content-center fusion-flex-content-wrap\" style=\"max-width:1216.8px;margin-left: calc(-4% \/ 2 );margin-right: calc(-4% \/ 2 );\"><div class=\"fusion-layout-column fusion_builder_column fusion-builder-column-2 fusion_builder_column_1_1 1_1 fusion-flex-column\" style=\"--awb-bg-size:cover;--awb-width-large:100%;--awb-margin-top-large:0px;--awb-spacing-right-large:1.92%;--awb-margin-bottom-large:20px;--awb-spacing-left-large:1.92%;--awb-width-medium:100%;--awb-order-medium:0;--awb-spacing-right-medium:1.92%;--awb-spacing-left-medium:1.92%;--awb-width-small:100%;--awb-order-small:0;--awb-spacing-right-small:1.92%;--awb-spacing-left-small:1.92%;\"><div class=\"fusion-column-wrapper fusion-column-has-shadow fusion-flex-justify-content-flex-start fusion-content-layout-column\"><div class=\"fusion-text fusion-text-3\" style=\"--awb-font-size:40px;--awb-line-height:45px;--awb-text-color:#ffffff;--awb-text-font-family:&quot;Lato&quot;;--awb-text-font-style:normal;--awb-text-font-weight:700;\"><p style=\"text-align: center;\">Gostaria de receber conte\u00fados exclusivos sobre m\u00e1quinas el\u00e9tricas ?<\/p>\n<\/div><div class=\"fusion-text fusion-text-4 fusion-text-no-margin\" style=\"--awb-font-size:25px;--awb-line-height:30px;--awb-text-color:#ffffff;--awb-margin-bottom:20px;--awb-text-font-family:&quot;Lato&quot;;--awb-text-font-style:normal;--awb-text-font-weight:400;\"><p style=\"text-align: center;\">A Nishi \u00e9 especialista no reparo e na manuten\u00e7\u00e3o do seu equipamento h\u00e1 mais de 70 anos.<br \/>\nCadastre seu e-mail e receba todas as novidades do setor.<\/p>\n<\/div>\n<div class=\"wpcf7 no-js\" id=\"wpcf7-f617-o1\" lang=\"pt-BR\" dir=\"ltr\" data-wpcf7-id=\"617\">\n<div class=\"screen-reader-response\"><p role=\"status\" aria-live=\"polite\" aria-atomic=\"true\"><\/p> <ul><\/ul><\/div>\n<form action=\"\/novo\/pt-br\/wp-json\/wp\/v2\/pages\/289#wpcf7-f617-o1\" method=\"post\" class=\"wpcf7-form init 664f4d09c945 cmatic-disconn cmatic-aud-2 cmatic-mapd0-0 cmatic-v0973 cmatic-sent-0 cmatic-total-0\" aria-label=\"Formul\u00e1rios de contato\" novalidate=\"novalidate\" data-status=\"init\">\n<fieldset class=\"hidden-fields-container\"><input type=\"hidden\" name=\"_wpcf7\" value=\"617\" \/><input type=\"hidden\" name=\"_wpcf7_version\" value=\"6.1.4\" \/><input type=\"hidden\" name=\"_wpcf7_locale\" value=\"pt_BR\" \/><input type=\"hidden\" name=\"_wpcf7_unit_tag\" value=\"wpcf7-f617-o1\" \/><input type=\"hidden\" name=\"_wpcf7_container_post\" value=\"0\" \/><input type=\"hidden\" name=\"_wpcf7_posted_data_hash\" value=\"\" \/>\n<\/fieldset>\n<div class=\"content-column one_third\">\n\t<p><span class=\"wpcf7-form-control-wrap\" data-name=\"your-name\"><input size=\"40\" maxlength=\"400\" class=\"wpcf7-form-control wpcf7-text wpcf7-validates-as-required\" aria-required=\"true\" aria-invalid=\"false\" placeholder=\"Nome\" value=\"\" type=\"text\" name=\"your-name\" \/><\/span>\n\t<\/p>\n<\/div>\n<div class=\"content-column one_third\">\n\t<p><span class=\"wpcf7-form-control-wrap\" data-name=\"your-email\"><input size=\"40\" maxlength=\"400\" class=\"wpcf7-form-control wpcf7-email wpcf7-validates-as-required wpcf7-text wpcf7-validates-as-email\" aria-required=\"true\" aria-invalid=\"false\" placeholder=\"E-mail\" value=\"\" type=\"email\" name=\"your-email\" \/><\/span>\n\t<\/p>\n<\/div>\n<div class=\"content-column one_third last_column\">\n\t<p><span class=\"wpcf7-form-control-wrap\" data-name=\"tel-903\"><input size=\"40\" maxlength=\"400\" class=\"wpcf7-form-control wpcf7-tel wpcf7-validates-as-required wpcf7-text wpcf7-validates-as-tel\" aria-required=\"true\" aria-invalid=\"false\" placeholder=\"Celular\" value=\"\" type=\"tel\" name=\"tel-903\" \/><\/span>\n\t<\/p>\n<\/div>\n<div class=\"clear_column\">\n<\/div>\n<div style=\"text-align: center; margin-right:22px;\">\n\t<p><input class=\"wpcf7-form-control wpcf7-submit has-spinner\" type=\"submit\" value=\"RECEBER INFORMA\u00c7\u00d5ES T\u00c9CNICAS\" \/>\n\t<\/p>\n<\/div><div class=\"fusion-alert alert custom alert-custom fusion-alert-center wpcf7-response-output awb-alert-native-link-color alert-dismissable awb-alert-close-boxed\" style=\"--awb-border-size:1px;--awb-border-top-left-radius:0px;--awb-border-top-right-radius:0px;--awb-border-bottom-left-radius:0px;--awb-border-bottom-right-radius:0px;\" role=\"alert\"><div class=\"fusion-alert-content-wrapper\"><span class=\"fusion-alert-content\"><\/span><\/div><button type=\"button\" class=\"close toggle-alert\" data-dismiss=\"alert\" aria-label=\"Fechar\">&times;<\/button><\/div>\n<\/form>\n<\/div>\n<\/div><\/div><\/div><\/div><\/p>\n","protected":false},"excerpt":{"rendered":"","protected":false},"author":1,"featured_media":0,"parent":39,"menu_order":0,"comment_status":"closed","ping_status":"closed","template":"100-width.php","meta":{"_joinchat":[],"footnotes":""},"class_list":["post-289","page","type-page","status-publish","hentry"],"yoast_head":"<!-- This site is optimized with the Yoast SEO plugin v26.8 - https:\/\/yoast.com\/product\/yoast-seo-wordpress\/ -->\n<title>M\u00e1quinas CC - Nishi<\/title>\n<meta name=\"robots\" content=\"index, follow, max-snippet:-1, max-image-preview:large, max-video-preview:-1\" \/>\n<link rel=\"canonical\" href=\"https:\/\/nishi.com.br\/novo\/pt-br\/maquinas-eletricas\/maquinas-cc\/\" \/>\n<meta property=\"og:locale\" content=\"pt_BR\" \/>\n<meta property=\"og:type\" content=\"article\" \/>\n<meta property=\"og:title\" content=\"M\u00e1quinas CC - Nishi\" \/>\n<meta property=\"og:url\" content=\"https:\/\/nishi.com.br\/novo\/pt-br\/maquinas-eletricas\/maquinas-cc\/\" \/>\n<meta property=\"og:site_name\" content=\"Nishi\" \/>\n<meta property=\"article:publisher\" content=\"https:\/\/www.facebook.com\/nishi.com.br\/\" \/>\n<meta property=\"article:modified_time\" content=\"2021-08-25T11:13:53+00:00\" \/>\n<meta name=\"twitter:card\" content=\"summary_large_image\" \/>\n<meta name=\"twitter:label1\" content=\"Est. tempo de leitura\" \/>\n\t<meta name=\"twitter:data1\" content=\"11 minutos\" \/>\n<script type=\"application\/ld+json\" class=\"yoast-schema-graph\">{\"@context\":\"https:\/\/schema.org\",\"@graph\":[{\"@type\":\"WebPage\",\"@id\":\"https:\/\/nishi.com.br\/novo\/pt-br\/maquinas-eletricas\/maquinas-cc\/\",\"url\":\"https:\/\/nishi.com.br\/novo\/pt-br\/maquinas-eletricas\/maquinas-cc\/\",\"name\":\"M\u00e1quinas CC - Nishi\",\"isPartOf\":{\"@id\":\"https:\/\/nishi.com.br\/novo\/es\/#website\"},\"datePublished\":\"2021-06-21T17:45:23+00:00\",\"dateModified\":\"2021-08-25T11:13:53+00:00\",\"breadcrumb\":{\"@id\":\"https:\/\/nishi.com.br\/novo\/pt-br\/maquinas-eletricas\/maquinas-cc\/#breadcrumb\"},\"inLanguage\":\"pt-BR\",\"potentialAction\":[{\"@type\":\"ReadAction\",\"target\":[\"https:\/\/nishi.com.br\/novo\/pt-br\/maquinas-eletricas\/maquinas-cc\/\"]}]},{\"@type\":\"BreadcrumbList\",\"@id\":\"https:\/\/nishi.com.br\/novo\/pt-br\/maquinas-eletricas\/maquinas-cc\/#breadcrumb\",\"itemListElement\":[{\"@type\":\"ListItem\",\"position\":1,\"name\":\"In\u00edcio\",\"item\":\"https:\/\/nishi.com.br\/novo\/pt-br\/\"},{\"@type\":\"ListItem\",\"position\":2,\"name\":\"M\u00e1quinas El\u00e9tricas\",\"item\":\"https:\/\/nishi.com.br\/novo\/pt-br\/maquinas-eletricas\/\"},{\"@type\":\"ListItem\",\"position\":3,\"name\":\"M\u00e1quinas CC\"}]},{\"@type\":\"WebSite\",\"@id\":\"https:\/\/nishi.com.br\/novo\/es\/#website\",\"url\":\"https:\/\/nishi.com.br\/novo\/es\/\",\"name\":\"Nishi\",\"description\":\"Manuten\u00e7\u00e3o de m\u00e1quinas el\u00e9tricas desde 1950\",\"publisher\":{\"@id\":\"https:\/\/nishi.com.br\/novo\/es\/#organization\"},\"potentialAction\":[{\"@type\":\"SearchAction\",\"target\":{\"@type\":\"EntryPoint\",\"urlTemplate\":\"https:\/\/nishi.com.br\/novo\/es\/?s={search_term_string}\"},\"query-input\":{\"@type\":\"PropertyValueSpecification\",\"valueRequired\":true,\"valueName\":\"search_term_string\"}}],\"inLanguage\":\"pt-BR\"},{\"@type\":\"Organization\",\"@id\":\"https:\/\/nishi.com.br\/novo\/es\/#organization\",\"name\":\"Nishi\",\"url\":\"https:\/\/nishi.com.br\/novo\/es\/\",\"logo\":{\"@type\":\"ImageObject\",\"inLanguage\":\"pt-BR\",\"@id\":\"https:\/\/nishi.com.br\/novo\/es\/#\/schema\/logo\/image\/\",\"url\":\"https:\/\/nishi.com.br\/novo\/wp-content\/uploads\/2021\/06\/logo-footer.jpg\",\"contentUrl\":\"https:\/\/nishi.com.br\/novo\/wp-content\/uploads\/2021\/06\/logo-footer.jpg\",\"width\":237,\"height\":80,\"caption\":\"Nishi\"},\"image\":{\"@id\":\"https:\/\/nishi.com.br\/novo\/es\/#\/schema\/logo\/image\/\"},\"sameAs\":[\"https:\/\/www.facebook.com\/nishi.com.br\/\",\"https:\/\/br.linkedin.com\/company\/nishipower\"]}]}<\/script>\n<!-- \/ Yoast SEO plugin. -->","yoast_head_json":{"title":"M\u00e1quinas CC - Nishi","robots":{"index":"index","follow":"follow","max-snippet":"max-snippet:-1","max-image-preview":"max-image-preview:large","max-video-preview":"max-video-preview:-1"},"canonical":"https:\/\/nishi.com.br\/novo\/pt-br\/maquinas-eletricas\/maquinas-cc\/","og_locale":"pt_BR","og_type":"article","og_title":"M\u00e1quinas CC - Nishi","og_url":"https:\/\/nishi.com.br\/novo\/pt-br\/maquinas-eletricas\/maquinas-cc\/","og_site_name":"Nishi","article_publisher":"https:\/\/www.facebook.com\/nishi.com.br\/","article_modified_time":"2021-08-25T11:13:53+00:00","twitter_card":"summary_large_image","twitter_misc":{"Est. tempo de leitura":"11 minutos"},"schema":{"@context":"https:\/\/schema.org","@graph":[{"@type":"WebPage","@id":"https:\/\/nishi.com.br\/novo\/pt-br\/maquinas-eletricas\/maquinas-cc\/","url":"https:\/\/nishi.com.br\/novo\/pt-br\/maquinas-eletricas\/maquinas-cc\/","name":"M\u00e1quinas CC - Nishi","isPartOf":{"@id":"https:\/\/nishi.com.br\/novo\/es\/#website"},"datePublished":"2021-06-21T17:45:23+00:00","dateModified":"2021-08-25T11:13:53+00:00","breadcrumb":{"@id":"https:\/\/nishi.com.br\/novo\/pt-br\/maquinas-eletricas\/maquinas-cc\/#breadcrumb"},"inLanguage":"pt-BR","potentialAction":[{"@type":"ReadAction","target":["https:\/\/nishi.com.br\/novo\/pt-br\/maquinas-eletricas\/maquinas-cc\/"]}]},{"@type":"BreadcrumbList","@id":"https:\/\/nishi.com.br\/novo\/pt-br\/maquinas-eletricas\/maquinas-cc\/#breadcrumb","itemListElement":[{"@type":"ListItem","position":1,"name":"In\u00edcio","item":"https:\/\/nishi.com.br\/novo\/pt-br\/"},{"@type":"ListItem","position":2,"name":"M\u00e1quinas El\u00e9tricas","item":"https:\/\/nishi.com.br\/novo\/pt-br\/maquinas-eletricas\/"},{"@type":"ListItem","position":3,"name":"M\u00e1quinas CC"}]},{"@type":"WebSite","@id":"https:\/\/nishi.com.br\/novo\/es\/#website","url":"https:\/\/nishi.com.br\/novo\/es\/","name":"Nishi","description":"Manuten\u00e7\u00e3o de m\u00e1quinas el\u00e9tricas desde 1950","publisher":{"@id":"https:\/\/nishi.com.br\/novo\/es\/#organization"},"potentialAction":[{"@type":"SearchAction","target":{"@type":"EntryPoint","urlTemplate":"https:\/\/nishi.com.br\/novo\/es\/?s={search_term_string}"},"query-input":{"@type":"PropertyValueSpecification","valueRequired":true,"valueName":"search_term_string"}}],"inLanguage":"pt-BR"},{"@type":"Organization","@id":"https:\/\/nishi.com.br\/novo\/es\/#organization","name":"Nishi","url":"https:\/\/nishi.com.br\/novo\/es\/","logo":{"@type":"ImageObject","inLanguage":"pt-BR","@id":"https:\/\/nishi.com.br\/novo\/es\/#\/schema\/logo\/image\/","url":"https:\/\/nishi.com.br\/novo\/wp-content\/uploads\/2021\/06\/logo-footer.jpg","contentUrl":"https:\/\/nishi.com.br\/novo\/wp-content\/uploads\/2021\/06\/logo-footer.jpg","width":237,"height":80,"caption":"Nishi"},"image":{"@id":"https:\/\/nishi.com.br\/novo\/es\/#\/schema\/logo\/image\/"},"sameAs":["https:\/\/www.facebook.com\/nishi.com.br\/","https:\/\/br.linkedin.com\/company\/nishipower"]}]}},"_links":{"self":[{"href":"https:\/\/nishi.com.br\/novo\/pt-br\/wp-json\/wp\/v2\/pages\/289","targetHints":{"allow":["GET"]}}],"collection":[{"href":"https:\/\/nishi.com.br\/novo\/pt-br\/wp-json\/wp\/v2\/pages"}],"about":[{"href":"https:\/\/nishi.com.br\/novo\/pt-br\/wp-json\/wp\/v2\/types\/page"}],"author":[{"embeddable":true,"href":"https:\/\/nishi.com.br\/novo\/pt-br\/wp-json\/wp\/v2\/users\/1"}],"replies":[{"embeddable":true,"href":"https:\/\/nishi.com.br\/novo\/pt-br\/wp-json\/wp\/v2\/comments?post=289"}],"version-history":[{"count":0,"href":"https:\/\/nishi.com.br\/novo\/pt-br\/wp-json\/wp\/v2\/pages\/289\/revisions"}],"up":[{"embeddable":true,"href":"https:\/\/nishi.com.br\/novo\/pt-br\/wp-json\/wp\/v2\/pages\/39"}],"wp:attachment":[{"href":"https:\/\/nishi.com.br\/novo\/pt-br\/wp-json\/wp\/v2\/media?parent=289"}],"curies":[{"name":"wp","href":"https:\/\/api.w.org\/{rel}","templated":true}]}}