{"id":29,"date":"2021-06-03T15:35:17","date_gmt":"2021-06-03T18:35:17","guid":{"rendered":"http:\/\/localhost\/nishi\/?page_id=29"},"modified":"2026-02-11T08:52:55","modified_gmt":"2026-02-11T11:52:55","slug":"contato","status":"publish","type":"page","link":"https:\/\/nishi.com.br\/novo\/pt-br\/contato\/","title":{"rendered":"Contato"},"content":{"rendered":"<div class=\"fusion-fullwidth fullwidth-box fusion-builder-row-1 fusion-flex-container fusion-parallax-none nonhundred-percent-fullwidth non-hundred-percent-height-scrolling\" style=\"--awb-background-position:center top;--awb-border-radius-top-left:0px;--awb-border-radius-top-right:0px;--awb-border-radius-bottom-right:0px;--awb-border-radius-bottom-left:0px;--awb-padding-top:100px;--awb-padding-bottom:100px;--awb-padding-top-medium:60px;--awb-padding-bottom-medium:60px;--awb-padding-top-small:30px;--awb-padding-bottom-small:30px;--awb-background-image:url(&quot;https:\/\/nishi.com.br\/novo\/wp-content\/uploads\/2021\/06\/bg-white.jpg&quot;);--awb-background-size:cover;--awb-flex-wrap:wrap;\" ><div class=\"fusion-builder-row fusion-row fusion-flex-align-items-flex-start fusion-flex-content-wrap\" style=\"max-width:1216.8px;margin-left: calc(-4% \/ 2 );margin-right: calc(-4% \/ 2 );\"><div class=\"fusion-layout-column fusion_builder_column fusion-builder-column-0 fusion_builder_column_1_2 1_2 fusion-flex-column\" style=\"--awb-bg-size:cover;--awb-width-large:50%;--awb-margin-top-large:0px;--awb-spacing-right-large:3.84%;--awb-margin-bottom-large:20px;--awb-spacing-left-large:3.84%;--awb-width-medium:50%;--awb-order-medium:0;--awb-spacing-right-medium:3.84%;--awb-spacing-left-medium:3.84%;--awb-width-small:100%;--awb-order-small:0;--awb-spacing-right-small:1.92%;--awb-spacing-left-small:1.92%;\"><div class=\"fusion-column-wrapper fusion-column-has-shadow fusion-flex-justify-content-flex-start fusion-content-layout-column\">\n<div class=\"wpcf7 no-js\" id=\"wpcf7-f4-o1\" lang=\"pt-BR\" dir=\"ltr\" data-wpcf7-id=\"4\">\n<div class=\"screen-reader-response\"><p role=\"status\" aria-live=\"polite\" aria-atomic=\"true\"><\/p> <ul><\/ul><\/div>\n<form action=\"\/novo\/pt-br\/wp-json\/wp\/v2\/pages\/29#wpcf7-f4-o1\" method=\"post\" class=\"wpcf7-form init 664f4d09c945 cmatic-disconn cmatic-aud-2 cmatic-mapd0-0 cmatic-v0973 cmatic-sent-0 cmatic-total-0\" aria-label=\"Formul\u00e1rios de contato\" enctype=\"multipart\/form-data\" novalidate=\"novalidate\" data-status=\"init\">\n<fieldset class=\"hidden-fields-container\"><input type=\"hidden\" name=\"_wpcf7\" value=\"4\" \/><input type=\"hidden\" name=\"_wpcf7_version\" value=\"6.1.4\" \/><input type=\"hidden\" name=\"_wpcf7_locale\" value=\"pt_BR\" \/><input type=\"hidden\" name=\"_wpcf7_unit_tag\" value=\"wpcf7-f4-o1\" \/><input type=\"hidden\" name=\"_wpcf7_container_post\" value=\"0\" \/><input type=\"hidden\" name=\"_wpcf7_posted_data_hash\" value=\"\" \/>\n<\/fieldset>\n<p><span class=\"wpcf7-form-control-wrap\" data-name=\"your-name\"><input size=\"40\" maxlength=\"400\" class=\"wpcf7-form-control wpcf7-text wpcf7-validates-as-required\" aria-required=\"true\" aria-invalid=\"false\" placeholder=\"Nome\" value=\"\" type=\"text\" name=\"your-name\" \/><\/span><br \/>\n<span class=\"wpcf7-form-control-wrap\" data-name=\"your-email\"><input size=\"40\" maxlength=\"400\" class=\"wpcf7-form-control wpcf7-email wpcf7-validates-as-required wpcf7-text wpcf7-validates-as-email\" aria-required=\"true\" aria-invalid=\"false\" placeholder=\"Email\" value=\"\" type=\"email\" name=\"your-email\" \/><\/span><br \/>\n<span class=\"wpcf7-form-control-wrap\" data-name=\"your-phone\"><input size=\"40\" maxlength=\"400\" class=\"wpcf7-form-control wpcf7-tel wpcf7-validates-as-required wpcf7-text wpcf7-validates-as-tel\" aria-required=\"true\" aria-invalid=\"false\" placeholder=\"Telefone\" value=\"\" type=\"tel\" name=\"your-phone\" \/><\/span><br \/>\n<span class=\"wpcf7-form-control-wrap\" data-name=\"your-message\"><textarea cols=\"40\" rows=\"10\" maxlength=\"2000\" class=\"wpcf7-form-control wpcf7-textarea\" aria-invalid=\"false\" placeholder=\"Mensagem\" name=\"your-message\"><\/textarea><\/span><br \/>\n<label for=\"your-file\">Anexar Arquivo<br \/>\n<span class=\"wpcf7-form-control-wrap\" data-name=\"your-file\"><input size=\"40\" class=\"wpcf7-form-control wpcf7-file\" accept=\"audio\/*,video\/*,image\/*\" aria-invalid=\"false\" type=\"file\" name=\"your-file\" \/><\/span><\/label><br \/>\n<input class=\"wpcf7-form-control wpcf7-submit has-spinner\" type=\"submit\" value=\"ENVIAR MENSAGEM\" \/>\n<\/p><div class=\"fusion-alert alert custom alert-custom fusion-alert-center wpcf7-response-output awb-alert-native-link-color alert-dismissable awb-alert-close-boxed\" style=\"--awb-border-size:1px;--awb-border-top-left-radius:0px;--awb-border-top-right-radius:0px;--awb-border-bottom-left-radius:0px;--awb-border-bottom-right-radius:0px;\" role=\"alert\"><div class=\"fusion-alert-content-wrapper\"><span class=\"fusion-alert-content\"><\/span><\/div><button type=\"button\" class=\"close toggle-alert\" data-dismiss=\"alert\" aria-label=\"Fechar\">&times;<\/button><\/div>\n<\/form>\n<\/div>\n<\/div><\/div><div class=\"fusion-layout-column fusion_builder_column fusion-builder-column-1 fusion_builder_column_1_2 1_2 fusion-flex-column\" style=\"--awb-bg-size:cover;--awb-width-large:50%;--awb-margin-top-large:0px;--awb-spacing-right-large:3.84%;--awb-margin-bottom-large:20px;--awb-spacing-left-large:3.84%;--awb-width-medium:50%;--awb-order-medium:0;--awb-spacing-right-medium:3.84%;--awb-spacing-left-medium:3.84%;--awb-width-small:100%;--awb-order-small:0;--awb-spacing-right-small:1.92%;--awb-spacing-left-small:1.92%;\"><div class=\"fusion-column-wrapper fusion-column-has-shadow fusion-flex-justify-content-flex-start fusion-content-layout-column\"><div class=\"fusion-text fusion-text-1\"><p><strong style=\"font-size: 24px;\">Sede Londrina &#8211; PR<\/strong><br \/>\nEquipamentos de m\u00e9dio e grande porte de m\u00e9dia e alta tens\u00e3o<br \/>\nTelefone: (43) 3372-0100<br \/>\nPlant\u00e3o 24h: (43) 43 9 9982-0821<br \/>\nE-mail: nishi@nishi.com.br<\/p>\n<p><strong style=\"font-size: 24px;\">Filial Londrina &#8211; PR<\/strong><br \/>\nAtendimento regional para motores e equipamentos de baixa tens\u00e3o<br \/>\nTelefone: (43) 3334-3555<br \/>\nPlant\u00e3o 24h: (43) 9 9976-8985 \/ (43) 9 9993-0888<br \/>\nE-mail: londrina@nishimotores.com.br<\/p>\n<p><strong style=\"font-size: 24px;\">Filial Ipatinga \u2013 MG<\/strong><br \/>\nAtendimento regional para motores e equipamentos de baixa tens\u00e3o<br \/>\nTelefone: (31) 3822-7190<br \/>\nPlant\u00e3o 24h: (31) 9 9349-4554<br \/>\nE-mail: nishimotores-valedoaco@nishi.com.br<\/p>\n<\/div><\/div><\/div><\/div><\/div>\n","protected":false},"excerpt":{"rendered":"","protected":false},"author":1,"featured_media":0,"parent":0,"menu_order":0,"comment_status":"closed","ping_status":"closed","template":"100-width.php","meta":{"_joinchat":[],"footnotes":""},"class_list":["post-29","page","type-page","status-publish","hentry"],"yoast_head":"<!-- This site is optimized with the Yoast SEO plugin v26.8 - https:\/\/yoast.com\/product\/yoast-seo-wordpress\/ -->\n<title>Contato - Nishi<\/title>\n<meta name=\"robots\" content=\"index, follow, max-snippet:-1, max-image-preview:large, max-video-preview:-1\" \/>\n<link rel=\"canonical\" href=\"https:\/\/nishi.com.br\/novo\/pt-br\/contato\/\" \/>\n<meta property=\"og:locale\" content=\"pt_BR\" \/>\n<meta property=\"og:type\" content=\"article\" \/>\n<meta property=\"og:title\" content=\"Contato - Nishi\" \/>\n<meta property=\"og:url\" content=\"https:\/\/nishi.com.br\/novo\/pt-br\/contato\/\" \/>\n<meta property=\"og:site_name\" content=\"Nishi\" \/>\n<meta property=\"article:publisher\" content=\"https:\/\/www.facebook.com\/nishi.com.br\/\" \/>\n<meta property=\"article:modified_time\" content=\"2026-02-11T11:52:55+00:00\" \/>\n<meta name=\"twitter:card\" content=\"summary_large_image\" \/>\n<meta name=\"twitter:label1\" content=\"Est. tempo de leitura\" \/>\n\t<meta name=\"twitter:data1\" content=\"1 minuto\" \/>\n<script type=\"application\/ld+json\" class=\"yoast-schema-graph\">{\"@context\":\"https:\/\/schema.org\",\"@graph\":[{\"@type\":\"WebPage\",\"@id\":\"https:\/\/nishi.com.br\/novo\/pt-br\/contato\/\",\"url\":\"https:\/\/nishi.com.br\/novo\/pt-br\/contato\/\",\"name\":\"Contato - Nishi\",\"isPartOf\":{\"@id\":\"https:\/\/nishi.com.br\/novo\/es\/#website\"},\"datePublished\":\"2021-06-03T18:35:17+00:00\",\"dateModified\":\"2026-02-11T11:52:55+00:00\",\"breadcrumb\":{\"@id\":\"https:\/\/nishi.com.br\/novo\/pt-br\/contato\/#breadcrumb\"},\"inLanguage\":\"pt-BR\",\"potentialAction\":[{\"@type\":\"ReadAction\",\"target\":[\"https:\/\/nishi.com.br\/novo\/pt-br\/contato\/\"]}]},{\"@type\":\"BreadcrumbList\",\"@id\":\"https:\/\/nishi.com.br\/novo\/pt-br\/contato\/#breadcrumb\",\"itemListElement\":[{\"@type\":\"ListItem\",\"position\":1,\"name\":\"In\u00edcio\",\"item\":\"https:\/\/nishi.com.br\/novo\/pt-br\/\"},{\"@type\":\"ListItem\",\"position\":2,\"name\":\"Contato\"}]},{\"@type\":\"WebSite\",\"@id\":\"https:\/\/nishi.com.br\/novo\/es\/#website\",\"url\":\"https:\/\/nishi.com.br\/novo\/es\/\",\"name\":\"Nishi\",\"description\":\"Manuten\u00e7\u00e3o de m\u00e1quinas el\u00e9tricas desde 1950\",\"publisher\":{\"@id\":\"https:\/\/nishi.com.br\/novo\/es\/#organization\"},\"potentialAction\":[{\"@type\":\"SearchAction\",\"target\":{\"@type\":\"EntryPoint\",\"urlTemplate\":\"https:\/\/nishi.com.br\/novo\/es\/?s={search_term_string}\"},\"query-input\":{\"@type\":\"PropertyValueSpecification\",\"valueRequired\":true,\"valueName\":\"search_term_string\"}}],\"inLanguage\":\"pt-BR\"},{\"@type\":\"Organization\",\"@id\":\"https:\/\/nishi.com.br\/novo\/es\/#organization\",\"name\":\"Nishi\",\"url\":\"https:\/\/nishi.com.br\/novo\/es\/\",\"logo\":{\"@type\":\"ImageObject\",\"inLanguage\":\"pt-BR\",\"@id\":\"https:\/\/nishi.com.br\/novo\/es\/#\/schema\/logo\/image\/\",\"url\":\"https:\/\/nishi.com.br\/novo\/wp-content\/uploads\/2021\/06\/logo-footer.jpg\",\"contentUrl\":\"https:\/\/nishi.com.br\/novo\/wp-content\/uploads\/2021\/06\/logo-footer.jpg\",\"width\":237,\"height\":80,\"caption\":\"Nishi\"},\"image\":{\"@id\":\"https:\/\/nishi.com.br\/novo\/es\/#\/schema\/logo\/image\/\"},\"sameAs\":[\"https:\/\/www.facebook.com\/nishi.com.br\/\",\"https:\/\/br.linkedin.com\/company\/nishipower\"]}]}<\/script>\n<!-- \/ Yoast SEO plugin. -->","yoast_head_json":{"title":"Contato - Nishi","robots":{"index":"index","follow":"follow","max-snippet":"max-snippet:-1","max-image-preview":"max-image-preview:large","max-video-preview":"max-video-preview:-1"},"canonical":"https:\/\/nishi.com.br\/novo\/pt-br\/contato\/","og_locale":"pt_BR","og_type":"article","og_title":"Contato - Nishi","og_url":"https:\/\/nishi.com.br\/novo\/pt-br\/contato\/","og_site_name":"Nishi","article_publisher":"https:\/\/www.facebook.com\/nishi.com.br\/","article_modified_time":"2026-02-11T11:52:55+00:00","twitter_card":"summary_large_image","twitter_misc":{"Est. tempo de leitura":"1 minuto"},"schema":{"@context":"https:\/\/schema.org","@graph":[{"@type":"WebPage","@id":"https:\/\/nishi.com.br\/novo\/pt-br\/contato\/","url":"https:\/\/nishi.com.br\/novo\/pt-br\/contato\/","name":"Contato - Nishi","isPartOf":{"@id":"https:\/\/nishi.com.br\/novo\/es\/#website"},"datePublished":"2021-06-03T18:35:17+00:00","dateModified":"2026-02-11T11:52:55+00:00","breadcrumb":{"@id":"https:\/\/nishi.com.br\/novo\/pt-br\/contato\/#breadcrumb"},"inLanguage":"pt-BR","potentialAction":[{"@type":"ReadAction","target":["https:\/\/nishi.com.br\/novo\/pt-br\/contato\/"]}]},{"@type":"BreadcrumbList","@id":"https:\/\/nishi.com.br\/novo\/pt-br\/contato\/#breadcrumb","itemListElement":[{"@type":"ListItem","position":1,"name":"In\u00edcio","item":"https:\/\/nishi.com.br\/novo\/pt-br\/"},{"@type":"ListItem","position":2,"name":"Contato"}]},{"@type":"WebSite","@id":"https:\/\/nishi.com.br\/novo\/es\/#website","url":"https:\/\/nishi.com.br\/novo\/es\/","name":"Nishi","description":"Manuten\u00e7\u00e3o de m\u00e1quinas el\u00e9tricas desde 1950","publisher":{"@id":"https:\/\/nishi.com.br\/novo\/es\/#organization"},"potentialAction":[{"@type":"SearchAction","target":{"@type":"EntryPoint","urlTemplate":"https:\/\/nishi.com.br\/novo\/es\/?s={search_term_string}"},"query-input":{"@type":"PropertyValueSpecification","valueRequired":true,"valueName":"search_term_string"}}],"inLanguage":"pt-BR"},{"@type":"Organization","@id":"https:\/\/nishi.com.br\/novo\/es\/#organization","name":"Nishi","url":"https:\/\/nishi.com.br\/novo\/es\/","logo":{"@type":"ImageObject","inLanguage":"pt-BR","@id":"https:\/\/nishi.com.br\/novo\/es\/#\/schema\/logo\/image\/","url":"https:\/\/nishi.com.br\/novo\/wp-content\/uploads\/2021\/06\/logo-footer.jpg","contentUrl":"https:\/\/nishi.com.br\/novo\/wp-content\/uploads\/2021\/06\/logo-footer.jpg","width":237,"height":80,"caption":"Nishi"},"image":{"@id":"https:\/\/nishi.com.br\/novo\/es\/#\/schema\/logo\/image\/"},"sameAs":["https:\/\/www.facebook.com\/nishi.com.br\/","https:\/\/br.linkedin.com\/company\/nishipower"]}]}},"_links":{"self":[{"href":"https:\/\/nishi.com.br\/novo\/pt-br\/wp-json\/wp\/v2\/pages\/29","targetHints":{"allow":["GET"]}}],"collection":[{"href":"https:\/\/nishi.com.br\/novo\/pt-br\/wp-json\/wp\/v2\/pages"}],"about":[{"href":"https:\/\/nishi.com.br\/novo\/pt-br\/wp-json\/wp\/v2\/types\/page"}],"author":[{"embeddable":true,"href":"https:\/\/nishi.com.br\/novo\/pt-br\/wp-json\/wp\/v2\/users\/1"}],"replies":[{"embeddable":true,"href":"https:\/\/nishi.com.br\/novo\/pt-br\/wp-json\/wp\/v2\/comments?post=29"}],"version-history":[{"count":1,"href":"https:\/\/nishi.com.br\/novo\/pt-br\/wp-json\/wp\/v2\/pages\/29\/revisions"}],"predecessor-version":[{"id":2108,"href":"https:\/\/nishi.com.br\/novo\/pt-br\/wp-json\/wp\/v2\/pages\/29\/revisions\/2108"}],"wp:attachment":[{"href":"https:\/\/nishi.com.br\/novo\/pt-br\/wp-json\/wp\/v2\/media?parent=29"}],"curies":[{"name":"wp","href":"https:\/\/api.w.org\/{rel}","templated":true}]}}